{"id":88,"date":"2025-11-28T16:58:30","date_gmt":"2025-11-28T16:58:30","guid":{"rendered":"https:\/\/huellasdelpasado.eu\/?page_id=88"},"modified":"2026-03-23T11:05:14","modified_gmt":"2026-03-23T11:05:14","slug":"mitos-y-leyendas","status":"publish","type":"page","link":"https:\/\/huellasdelpasado.eu\/en\/mitos-y-leyendas\/","title":{"rendered":"Myths and Legends"},"content":{"rendered":"\n<p>Monstruos, dioses, historias de creaci\u00f3n, criaturas m\u00e1gicas, caballeros, profec\u00edas y relatos que llevan miles de a\u00f1os viajando de voz en voz.<\/p>\n\n\n\n<p>Aqu\u00ed descubrir\u00e1s mitos antiguos, leyendas locales, cuentos tradicionales y relatos simb\u00f3licos que han acompa\u00f1ado a la humanidad desde sus or\u00edgenes.<\/p>\n\n\n\n<p>Cada leyenda revela un mensaje oculto del pasado.<\/p>\n\n\n<style>.wp-block-kadence-spacer.kt-block-spacer-88_682acf-e1 .kt-block-spacer{height:74px;}.wp-block-kadence-spacer.kt-block-spacer-88_682acf-e1 .kt-divider{border-top-width:3px;height:1px;border-top-color:#d7b980;width:100%;border-top-style:solid;}<\/style>\n<div class=\"wp-block-kadence-spacer aligncenter kt-block-spacer-88_682acf-e1\"><div class=\"kt-block-spacer kt-block-spacer-halign-center\"><hr class=\"kt-divider\"\/><\/div><\/div>\n\n\n\n<h2 class=\"wp-block-heading\">Gu\u00eda de Mitos y Legendas<\/h2>\n\n\n\n<h3 class=\"wp-block-heading\">1. <a href=\"https:\/\/huellasdelpasado.eu\/category\/mitos-y-leyendas\/mitos\/\">Mitos<\/a><\/h3>\n\n\n\n<ul class=\"wp-block-list\">\n<li><a href=\"https:\/\/huellasdelpasado.eu\/orfeo-y-euridice\/\">Orfeo y Eur\u00edcide: el amor que mir\u00f3 atr\u00e1s<\/a><\/li>\n<\/ul>\n\n\n\n<h3 class=\"wp-block-heading\">2. <a href=\"https:\/\/huellasdelpasado.eu\/category\/mitos-y-leyendas\/seres-del-folclore\/\">Seres del Folclore<\/a><\/h3>\n\n\n\n<ul class=\"wp-block-list\">\n<li><a href=\"https:\/\/huellasdelpasado.eu\/origen-leprechauns\/\">Leprechauns: el verdadero origen de los duendes irlandeses y su oro<\/a><\/li>\n<\/ul>\n\n\n<style>.wp-block-kadence-spacer.kt-block-spacer-88_bb5b8b-26 .kt-block-spacer{height:74px;}.wp-block-kadence-spacer.kt-block-spacer-88_bb5b8b-26 .kt-divider{border-top-width:3px;height:1px;border-top-color:#d7b980;width:100%;border-top-style:solid;}<\/style>\n<div class=\"wp-block-kadence-spacer aligncenter kt-block-spacer-88_bb5b8b-26\"><div class=\"kt-block-spacer kt-block-spacer-halign-center\"><hr class=\"kt-divider\"\/><\/div><\/div>\n\n\n<style>.kb-posts-id-88_dfc8bb-3f .entry.loop-entry .entry-header .entry-title{font-size:var(--global-kb-font-size-md, 1.25rem);}.kb-posts-id-88_dfc8bb-3f .kb-post-list-item{display:grid;}<\/style><ul class=\"wp-block-kadence-posts kb-posts kadence-posts-list kb-posts-id-88_dfc8bb-3f content-wrap grid-cols kb-posts-style-boxed grid-sm-col-2 grid-lg-col-3 item-image-style-above\"><li class=\"kb-post-list-item\">\n\t<article class=\"entry content-bg loop-entry post-1074 post type-post status-publish format-standard has-post-thumbnail hentry category-seres-del-folclore category-mitos-y-leyendas tag-celtic-legends tag-criaturas-feericas tag-dia-de-san-patricio tag-duendes-irlandeses tag-fairy-creatures tag-folclore-irlandes tag-history-irish tag-ireland tag-irish-folklore tag-irish-legends tag-irish-leprechauns tag-irlanda tag-leprechauns tag-leyendas-celtas tag-leyendas-irlandesas tag-mitologia-celta tag-st-patricks-day\">\n\t\t\t\t<a aria-hidden=\"true\" tabindex=\"-1\" role=\"presentation\" class=\"post-thumbnail kadence-thumbnail-ratio-2-3\" href=\"https:\/\/huellasdelpasado.eu\/en\/origen-leprechauns\/\" aria-label=\"Leprechauns: el verdadero origen de los duendes irlandeses y su oro\">\n\t\t\t<div class=\"post-thumbnail-inner\">\n\t\t\t\t<img loading=\"lazy\" decoding=\"async\" width=\"150\" height=\"150\" src=\"https:\/\/huellasdelpasado.eu\/wp-content\/uploads\/2026\/02\/leprachaun-el-verdadero-origen-de-su-oro-150x150.png\" class=\"attachment-thumbnail size-thumbnail wp-post-image\" alt=\"Leprechauns: el verdadero origen de los duendes irlandeses y su oro\" \/>\t\t\t<\/div>\n\t\t<\/a><!-- .post-thumbnail -->\n\t\t\t\t<div class=\"entry-content-wrap\">\n\t\t\t<header class=\"entry-header\">\n\t\t<div class=\"entry-taxonomies\">\n\t\t<span class=\"category-links term-links category-style-normal\">\n\t\t\t<a href=\"https:\/\/huellasdelpasado.eu\/en\/category\/mitos-y-leyendas\/seres-del-folclore\/\" rel=\"category tag\">Seres del Folclore<\/a> | <a href=\"https:\/\/huellasdelpasado.eu\/en\/category\/mitos-y-leyendas\/\" rel=\"category tag\">Mitos y Leyendas<\/a>\t\t<\/span>\n\t<\/div><!-- .entry-taxonomies -->\n\t<h2 class=\"entry-title\"><a href=\"https:\/\/huellasdelpasado.eu\/en\/origen-leprechauns\/\" rel=\"bookmark\">Leprechauns: el verdadero origen de los duendes irlandeses y su oro<\/a><\/h2>\t<div class=\"entry-meta entry-meta-divider-dot\">\n\t\t\t\t<span class=\"posted-on\">\n\t\t\t\t<time class=\"entry-date published\" datetime=\"2026-03-23T10:00:00+00:00\">March 23, 2026<\/time><time class=\"updated\" datetime=\"2026-04-04T14:12:55+00:00\">April 4, 2026<\/time>\t\t\t<\/span>\n\t\t\t\t\t\t<span class=\"category-links\">\n\t\t\t\t<span class=\"category-link-items\"><a href=\"https:\/\/huellasdelpasado.eu\/en\/category\/mitos-y-leyendas\/seres-del-folclore\/\" rel=\"category tag\">Seres del Folclore<\/a>, <a href=\"https:\/\/huellasdelpasado.eu\/en\/category\/mitos-y-leyendas\/\" rel=\"category tag\">Mitos y Leyendas<\/a><\/span>\t\t\t<\/span>\n\t\t\t\t<\/div><!-- .entry-meta -->\n\t<\/header><!-- .entry-header -->\n\t<div class=\"entry-summary\">\n\t\t<p>Para comprender el origen de los leprechauns, es necesario ir m\u00e1s all\u00e1 de la imagen festiva moderna. Cuando se piensa [&hellip;]<\/p>\n\t<\/div><!-- .entry-summary -->\n\t<footer class=\"entry-footer\">\n\t\t\t<div class=\"entry-actions\">\n\t\t\t<p class=\"more-link-wrap\">\n\t\t\t\t<a href=\"https:\/\/huellasdelpasado.eu\/en\/origen-leprechauns\/\" class=\"post-more-link\">\n\t\t\t\t\tRead More<span class=\"screen-reader-text\"> Leprechauns: el verdadero origen de los duendes irlandeses y su oro<\/span><span class=\"kadence-svg-iconset svg-baseline\"><svg aria-hidden=\"true\" class=\"kadence-svg-icon kadence-arrow-right-alt-svg\" fill=\"currentColor\" version=\"1.1\" xmlns=\"http:\/\/www.w3.org\/2000\/svg\" width=\"27\" height=\"28\" viewBox=\"0 0 27 28\"><title>Continue<\/title><path d=\"M27 13.953c0 0.141-0.063 0.281-0.156 0.375l-6 5.531c-0.156 0.141-0.359 0.172-0.547 0.094-0.172-0.078-0.297-0.25-0.297-0.453v-3.5h-19.5c-0.281 0-0.5-0.219-0.5-0.5v-3c0-0.281 0.219-0.5 0.5-0.5h19.5v-3.5c0-0.203 0.109-0.375 0.297-0.453s0.391-0.047 0.547 0.078l6 5.469c0.094 0.094 0.156 0.219 0.156 0.359v0z\"><\/path>\n\t\t\t<\/svg><\/span>\t\t\t\t<\/a>\n\t\t\t<\/p>\n\t\t<\/div><!-- .entry-actions -->\n\t\t<\/footer><!-- .entry-footer -->\t\t<\/div>\n\t<\/article>\n<\/li>\n<li class=\"kb-post-list-item\">\n\t<article class=\"entry content-bg loop-entry post-909 post type-post status-publish format-standard has-post-thumbnail hentry category-mitos-y-leyendas category-mitos tag-amor-tragico tag-classic-literature tag-euricide tag-greek-mythology tag-greek-myths tag-hades tag-homer tag-homero tag-inframundo tag-literatura-clasica tag-mitologia-griega tag-mitos-de-amor tag-mitos-griegos tag-orfeo tag-orpheus-and-eurydice tag-persefone tag-tragic-loves\">\n\t\t\t\t<a aria-hidden=\"true\" tabindex=\"-1\" role=\"presentation\" class=\"post-thumbnail kadence-thumbnail-ratio-2-3\" href=\"https:\/\/huellasdelpasado.eu\/en\/orfeo-y-euridice\/\" aria-label=\"Orfeo y Eur\u00eddice: el amor que mir\u00f3 atr\u00e1s\">\n\t\t\t<div class=\"post-thumbnail-inner\">\n\t\t\t\t<img loading=\"lazy\" decoding=\"async\" width=\"150\" height=\"150\" src=\"https:\/\/huellasdelpasado.eu\/wp-content\/uploads\/2026\/01\/el-descenlace-de-orfeo-y-euricide-150x150.png\" class=\"attachment-thumbnail size-thumbnail wp-post-image\" alt=\"Orfeo y Eur\u00eddice: el amor que mir\u00f3 atr\u00e1s\" \/>\t\t\t<\/div>\n\t\t<\/a><!-- .post-thumbnail -->\n\t\t\t\t<div class=\"entry-content-wrap\">\n\t\t\t<header class=\"entry-header\">\n\t\t<div class=\"entry-taxonomies\">\n\t\t<span class=\"category-links term-links category-style-normal\">\n\t\t\t<a href=\"https:\/\/huellasdelpasado.eu\/en\/category\/mitos-y-leyendas\/\" rel=\"category tag\">Mitos y Leyendas<\/a> | <a href=\"https:\/\/huellasdelpasado.eu\/en\/category\/mitos-y-leyendas\/mitos\/\" rel=\"category tag\">Mitos<\/a>\t\t<\/span>\n\t<\/div><!-- .entry-taxonomies -->\n\t<h2 class=\"entry-title\"><a href=\"https:\/\/huellasdelpasado.eu\/en\/orfeo-y-euridice\/\" rel=\"bookmark\">Orfeo y Eur\u00eddice: el amor que mir\u00f3 atr\u00e1s<\/a><\/h2>\t<div class=\"entry-meta entry-meta-divider-dot\">\n\t\t\t\t<span class=\"posted-on\">\n\t\t\t\t<time class=\"entry-date published\" datetime=\"2026-02-16T10:00:00+00:00\">February 16, 2026<\/time><time class=\"updated\" datetime=\"2026-04-05T13:04:43+00:00\">April 5, 2026<\/time>\t\t\t<\/span>\n\t\t\t\t\t\t<span class=\"category-links\">\n\t\t\t\t<span class=\"category-link-items\"><a href=\"https:\/\/huellasdelpasado.eu\/en\/category\/mitos-y-leyendas\/\" rel=\"category tag\">Mitos y Leyendas<\/a>, <a href=\"https:\/\/huellasdelpasado.eu\/en\/category\/mitos-y-leyendas\/mitos\/\" rel=\"category tag\">Mitos<\/a><\/span>\t\t\t<\/span>\n\t\t\t\t<\/div><!-- .entry-meta -->\n\t<\/header><!-- .entry-header -->\n\t<div class=\"entry-summary\">\n\t\t<p>El mito de Orfeo y Eur\u00edcide contado desde su lado m\u00e1s humano: amor, p\u00e9rdida, duda y descenso al inframundo. Una historia eterna. El amor que mir\u00f3 atr\u00e1s.<\/p>\n\t<\/div><!-- .entry-summary -->\n\t<footer class=\"entry-footer\">\n\t\t\t<div class=\"entry-actions\">\n\t\t\t<p class=\"more-link-wrap\">\n\t\t\t\t<a href=\"https:\/\/huellasdelpasado.eu\/en\/orfeo-y-euridice\/\" class=\"post-more-link\">\n\t\t\t\t\tRead More<span class=\"screen-reader-text\"> Orfeo y Eur\u00eddice: el amor que mir\u00f3 atr\u00e1s<\/span><span class=\"kadence-svg-iconset svg-baseline\"><svg aria-hidden=\"true\" class=\"kadence-svg-icon kadence-arrow-right-alt-svg\" fill=\"currentColor\" version=\"1.1\" xmlns=\"http:\/\/www.w3.org\/2000\/svg\" width=\"27\" height=\"28\" viewBox=\"0 0 27 28\"><title>Continue<\/title><path d=\"M27 13.953c0 0.141-0.063 0.281-0.156 0.375l-6 5.531c-0.156 0.141-0.359 0.172-0.547 0.094-0.172-0.078-0.297-0.25-0.297-0.453v-3.5h-19.5c-0.281 0-0.5-0.219-0.5-0.5v-3c0-0.281 0.219-0.5 0.5-0.5h19.5v-3.5c0-0.203 0.109-0.375 0.297-0.453s0.391-0.047 0.547 0.078l6 5.469c0.094 0.094 0.156 0.219 0.156 0.359v0z\"><\/path>\n\t\t\t<\/svg><\/span>\t\t\t\t<\/a>\n\t\t\t<\/p>\n\t\t<\/div><!-- .entry-actions -->\n\t\t<\/footer><!-- .entry-footer -->\t\t<\/div>\n\t<\/article>\n<\/li>\n<\/ul>","protected":false},"excerpt":{"rendered":"<p>Monstruos, dioses, historias de creaci\u00f3n, criaturas m\u00e1gicas, caballeros, profec\u00edas y relatos que llevan miles de a\u00f1os viajando de voz en [&hellip;]<\/p>\n","protected":false},"author":1,"featured_media":0,"parent":0,"menu_order":0,"comment_status":"closed","ping_status":"closed","template":"","meta":{"site-sidebar-layout":"left-sidebar","site-content-layout":"","ast-site-content-layout":"default","site-content-style":"default","site-sidebar-style":"default","ast-global-header-display":"","ast-banner-title-visibility":"","ast-main-header-display":"","ast-hfb-above-header-display":"","ast-hfb-below-header-display":"","ast-hfb-mobile-header-display":"","site-post-title":"","ast-breadcrumbs-content":"","ast-featured-img":"","footer-sml-layout":"","ast-disable-related-posts":"","theme-transparent-header-meta":"","adv-header-id-meta":"","stick-header-meta":"","header-above-stick-meta":"","header-main-stick-meta":"","header-below-stick-meta":"","astra-migrate-meta-layouts":"default","ast-page-background-enabled":"default","ast-page-background-meta":{"desktop":{"background-color":"var(--ast-global-color-5)","background-image":"","background-repeat":"repeat","background-position":"center center","background-size":"auto","background-attachment":"scroll","background-type":"","background-media":"","overlay-type":"","overlay-color":"","overlay-opacity":"","overlay-gradient":""},"tablet":{"background-color":"","background-image":"","background-repeat":"repeat","background-position":"center center","background-size":"auto","background-attachment":"scroll","background-type":"","background-media":"","overlay-type":"","overlay-color":"","overlay-opacity":"","overlay-gradient":""},"mobile":{"background-color":"","background-image":"","background-repeat":"repeat","background-position":"center center","background-size":"auto","background-attachment":"scroll","background-type":"","background-media":"","overlay-type":"","overlay-color":"","overlay-opacity":"","overlay-gradient":""}},"ast-content-background-meta":{"desktop":{"background-color":"var(--ast-global-color-4)","background-image":"","background-repeat":"repeat","background-position":"center center","background-size":"auto","background-attachment":"scroll","background-type":"","background-media":"","overlay-type":"","overlay-color":"","overlay-opacity":"","overlay-gradient":""},"tablet":{"background-color":"var(--ast-global-color-4)","background-image":"","background-repeat":"repeat","background-position":"center center","background-size":"auto","background-attachment":"scroll","background-type":"","background-media":"","overlay-type":"","overlay-color":"","overlay-opacity":"","overlay-gradient":""},"mobile":{"background-color":"var(--ast-global-color-4)","background-image":"","background-repeat":"repeat","background-position":"center center","background-size":"auto","background-attachment":"scroll","background-type":"","background-media":"","overlay-type":"","overlay-color":"","overlay-opacity":"","overlay-gradient":""}},"footnotes":""},"class_list":["post-88","page","type-page","status-publish","hentry"],"_hostinger_reach_plugin_has_subscription_block":false,"_hostinger_reach_plugin_is_elementor":false,"_links":{"self":[{"href":"https:\/\/huellasdelpasado.eu\/en\/wp-json\/wp\/v2\/pages\/88","targetHints":{"allow":["GET"]}}],"collection":[{"href":"https:\/\/huellasdelpasado.eu\/en\/wp-json\/wp\/v2\/pages"}],"about":[{"href":"https:\/\/huellasdelpasado.eu\/en\/wp-json\/wp\/v2\/types\/page"}],"author":[{"embeddable":true,"href":"https:\/\/huellasdelpasado.eu\/en\/wp-json\/wp\/v2\/users\/1"}],"replies":[{"embeddable":true,"href":"https:\/\/huellasdelpasado.eu\/en\/wp-json\/wp\/v2\/comments?post=88"}],"version-history":[{"count":13,"href":"https:\/\/huellasdelpasado.eu\/en\/wp-json\/wp\/v2\/pages\/88\/revisions"}],"predecessor-version":[{"id":1564,"href":"https:\/\/huellasdelpasado.eu\/en\/wp-json\/wp\/v2\/pages\/88\/revisions\/1564"}],"wp:attachment":[{"href":"https:\/\/huellasdelpasado.eu\/en\/wp-json\/wp\/v2\/media?parent=88"}],"curies":[{"name":"wp","href":"https:\/\/api.w.org\/{rel}","templated":true}]}}