{"id":86,"date":"2025-11-28T16:58:05","date_gmt":"2025-11-28T16:58:05","guid":{"rendered":"https:\/\/huellasdelpasado.eu\/?page_id=86"},"modified":"2026-05-04T11:21:26","modified_gmt":"2026-05-04T11:21:26","slug":"antiguas-civilizaciones","status":"publish","type":"page","link":"https:\/\/huellasdelpasado.eu\/en\/antiguas-civilizaciones\/","title":{"rendered":"Ancient Civilizations"},"content":{"rendered":"\n<p>Antes de nosotros existieron grandes civilizaciones que levantaron imperios, templos, ciudades avanzadas y conocimientos sorprendentes.<\/p>\n\n\n\n<p>Aqu\u00ed explorar\u00e1s a los egipcios, griegos, romanos, celtas, n\u00f3rdicos, japoneses, mayas, aztecas y muchas otras culturas que marcaron el rumbo de la historia.<\/p>\n\n\n\n<p>Cada civilizaci\u00f3n dej\u00f3 huellas que a\u00fan podemos seguir.<\/p>\n\n\n<style>.wp-block-kadence-spacer.kt-block-spacer-86_6b92a4-7f .kt-block-spacer{height:74px;}.wp-block-kadence-spacer.kt-block-spacer-86_6b92a4-7f .kt-divider{border-top-width:3px;height:1px;border-top-color:#deb768;width:100%;border-top-style:solid;}<\/style>\n<div class=\"wp-block-kadence-spacer aligncenter kt-block-spacer-86_6b92a4-7f\"><div class=\"kt-block-spacer kt-block-spacer-halign-center\"><hr class=\"kt-divider\"\/><\/div><\/div>\n\n\n\n<h3 class=\"wp-block-heading\">Gu\u00eda de Antiguas Civilizaciones<\/h3>\n\n\n\n<h4 class=\"wp-block-heading\">1. <strong><a href=\"https:\/\/huellasdelpasado.eu\/category\/antiguas-civilizaciones\/roma\/\">Roma<\/a><\/strong><\/h4>\n\n\n\n<ul class=\"wp-block-list\">\n<li><a href=\"https:\/\/huellasdelpasado.eu\/fundacion-de-roma\/\">Roma 21 de abril: el nacimiento una ciudad destinada a dominar el mundo<\/a><\/li>\n\n\n\n<li><a href=\"https:\/\/huellasdelpasado.eu\/1-de-enero-el-origen-de-ano-nuevo\/\">1 de enero: el origen de A\u00f1o Nuevo<\/a><\/li>\n\n\n\n<li><a href=\"https:\/\/huellasdelpasado.eu\/febrero-en-la-antigua-roma\/\">Febrero en la Antigua Roma: purificaci\u00f3n, muertos y el ritual de las Lupercales<\/a><\/li>\n\n\n\n<li><a href=\"https:\/\/huellasdelpasado.eu\/marzo-antigua-roma\/\">Marzo en la Antigua Roma: cuando el a\u00f1o comenzaba con Marte<\/a><\/li>\n\n\n\n<li><a href=\"https:\/\/huellasdelpasado.eu\/abril-antigua-roma\/\">Abril en la Antigua Roma: el mes en que la tierra se abr\u00eda<\/a><\/li>\n\n\n\n<li><a href=\"https:\/\/huellasdelpasado.eu\/mayo-en-la-antigua-roma\/\">Mayo en la Antigua Roma: el mes de la vida, la pureza y los esp\u00edritus<\/a><\/li>\n<\/ul>\n\n\n<style>.wp-block-kadence-spacer.kt-block-spacer-86_448113-0f .kt-block-spacer{height:74px;}.wp-block-kadence-spacer.kt-block-spacer-86_448113-0f .kt-divider{border-top-width:3px;height:1px;border-top-color:#d7b980;width:100%;border-top-style:solid;}<\/style>\n<div class=\"wp-block-kadence-spacer aligncenter kt-block-spacer-86_448113-0f\"><div class=\"kt-block-spacer kt-block-spacer-halign-center\"><hr class=\"kt-divider\"\/><\/div><\/div>\n\n\n<style>.kb-posts-id-86_5ccadd-37 .entry.loop-entry .entry-header .entry-title{font-size:var(--global-kb-font-size-md, 1.25rem);}.kb-posts-id-86_5ccadd-37 .kb-post-list-item{display:grid;}<\/style><ul class=\"wp-block-kadence-posts kb-posts kadence-posts-list kb-posts-id-86_5ccadd-37 content-wrap grid-cols kb-posts-style-boxed grid-sm-col-2 grid-lg-col-3 item-image-style-above\"><li class=\"kb-post-list-item\">\n\t<article class=\"entry content-bg loop-entry post-1743 post type-post status-publish format-standard has-post-thumbnail hentry category-roma category-antiguas-civilizaciones tag-ancient-rome tag-antigua-roma tag-dioses-romanos tag-festividad-floraria tag-festividad-rosalia tag-festividades-primavera tag-festividades-romanas tag-maia-mes-mayo tag-mais-diosa-romana tag-mayo-antigua-roma tag-mitologia-romana tag-roman-festivities tag-roman-gods tag-roman-mythology\">\n\t\t\t\t<a aria-hidden=\"true\" tabindex=\"-1\" role=\"presentation\" class=\"post-thumbnail kadence-thumbnail-ratio-2-3\" href=\"https:\/\/huellasdelpasado.eu\/en\/mayo-en-la-antigua-roma\/\" aria-label=\"Mayo en la Antigua Roma: el mes de la vida, la pureza y los esp\u00edritus\">\n\t\t\t<div class=\"post-thumbnail-inner\">\n\t\t\t\t<img loading=\"lazy\" decoding=\"async\" width=\"150\" height=\"150\" src=\"https:\/\/huellasdelpasado.eu\/wp-content\/uploads\/2026\/03\/mayo-antigua-roma-150x150.png\" class=\"attachment-thumbnail size-thumbnail wp-post-image\" alt=\"Mayo en la Antigua Roma: el mes de la vida, la pureza y los esp\u00edritus\" \/>\t\t\t<\/div>\n\t\t<\/a><!-- .post-thumbnail -->\n\t\t\t\t<div class=\"entry-content-wrap\">\n\t\t\t<header class=\"entry-header\">\n\t\t<div class=\"entry-taxonomies\">\n\t\t<span class=\"category-links term-links category-style-normal\">\n\t\t\t<a href=\"https:\/\/huellasdelpasado.eu\/en\/category\/antiguas-civilizaciones\/roma\/\" rel=\"category tag\">Roma<\/a> | <a href=\"https:\/\/huellasdelpasado.eu\/en\/category\/antiguas-civilizaciones\/\" rel=\"category tag\">Antiguas Civilizaciones<\/a>\t\t<\/span>\n\t<\/div><!-- .entry-taxonomies -->\n\t<h2 class=\"entry-title\"><a href=\"https:\/\/huellasdelpasado.eu\/en\/mayo-en-la-antigua-roma\/\" rel=\"bookmark\">Mayo en la Antigua Roma: el mes de la vida, la pureza y los esp\u00edritus<\/a><\/h2>\t<div class=\"entry-meta entry-meta-divider-dot\">\n\t\t\t\t<span class=\"posted-on\">\n\t\t\t\t<time class=\"entry-date published\" datetime=\"2026-05-04T10:00:00+00:00\">May 4, 2026<\/time><time class=\"updated\" datetime=\"2026-04-09T12:58:14+00:00\">April 9, 2026<\/time>\t\t\t<\/span>\n\t\t\t\t\t\t<span class=\"category-links\">\n\t\t\t\t<span class=\"category-link-items\"><a href=\"https:\/\/huellasdelpasado.eu\/en\/category\/antiguas-civilizaciones\/roma\/\" rel=\"category tag\">Roma<\/a>, <a href=\"https:\/\/huellasdelpasado.eu\/en\/category\/antiguas-civilizaciones\/\" rel=\"category tag\">Antiguas Civilizaciones<\/a><\/span>\t\t\t<\/span>\n\t\t\t\t<\/div><!-- .entry-meta -->\n\t<\/header><!-- .entry-header -->\n\t<div class=\"entry-summary\">\n\t\t<p>Mayo en la Antigua Roma, no solo marcaba la primavera, sino tambi\u00e9n un periodo de rituales, festividades y conexi\u00f3n con [&hellip;]<\/p>\n\t<\/div><!-- .entry-summary -->\n\t<footer class=\"entry-footer\">\n\t\t\t<div class=\"entry-actions\">\n\t\t\t<p class=\"more-link-wrap\">\n\t\t\t\t<a href=\"https:\/\/huellasdelpasado.eu\/en\/mayo-en-la-antigua-roma\/\" class=\"post-more-link\">\n\t\t\t\t\tRead More<span class=\"screen-reader-text\"> Mayo en la Antigua Roma: el mes de la vida, la pureza y los esp\u00edritus<\/span><span class=\"kadence-svg-iconset svg-baseline\"><svg aria-hidden=\"true\" class=\"kadence-svg-icon kadence-arrow-right-alt-svg\" fill=\"currentColor\" version=\"1.1\" xmlns=\"http:\/\/www.w3.org\/2000\/svg\" width=\"27\" height=\"28\" viewBox=\"0 0 27 28\"><title>Continue<\/title><path d=\"M27 13.953c0 0.141-0.063 0.281-0.156 0.375l-6 5.531c-0.156 0.141-0.359 0.172-0.547 0.094-0.172-0.078-0.297-0.25-0.297-0.453v-3.5h-19.5c-0.281 0-0.5-0.219-0.5-0.5v-3c0-0.281 0.219-0.5 0.5-0.5h19.5v-3.5c0-0.203 0.109-0.375 0.297-0.453s0.391-0.047 0.547 0.078l6 5.469c0.094 0.094 0.156 0.219 0.156 0.359v0z\"><\/path>\n\t\t\t<\/svg><\/span>\t\t\t\t<\/a>\n\t\t\t<\/p>\n\t\t<\/div><!-- .entry-actions -->\n\t\t<\/footer><!-- .entry-footer -->\t\t<\/div>\n\t<\/article>\n<\/li>\n<li class=\"kb-post-list-item\">\n\t<article class=\"entry content-bg loop-entry post-1349 post type-post status-publish format-standard has-post-thumbnail hentry category-roma category-antiguas-civilizaciones tag-21-de-abril-fundacion-de-roma tag-ancient-rome tag-antigua-roma tag-birth-of-rome tag-eneas tag-historia-de-roma tag-imperio-romano tag-la-loba-capitalina tag-mitologia-romana tag-monarquia-romana tag-nacimiento-de-roma tag-natale-di-roma tag-pomerium tag-republica-romana tag-roman-history tag-roman-mythology tag-romulo-y-remo-2 tag-romulus-and-remus tag-siete-colinas-de-roma\">\n\t\t\t\t<a aria-hidden=\"true\" tabindex=\"-1\" role=\"presentation\" class=\"post-thumbnail kadence-thumbnail-ratio-2-3\" href=\"https:\/\/huellasdelpasado.eu\/en\/fundacion-de-roma\/\" aria-label=\"Roma 21 de abril: el nacimiento una ciudad destinada a dominar el mundo\">\n\t\t\t<div class=\"post-thumbnail-inner\">\n\t\t\t\t<img loading=\"lazy\" decoding=\"async\" width=\"150\" height=\"150\" src=\"https:\/\/huellasdelpasado.eu\/wp-content\/uploads\/2026\/03\/roma-primitiva-150x150.png\" class=\"attachment-thumbnail size-thumbnail wp-post-image\" alt=\"Roma 21 de abril: el nacimiento una ciudad destinada a dominar el mundo\" \/>\t\t\t<\/div>\n\t\t<\/a><!-- .post-thumbnail -->\n\t\t\t\t<div class=\"entry-content-wrap\">\n\t\t\t<header class=\"entry-header\">\n\t\t<div class=\"entry-taxonomies\">\n\t\t<span class=\"category-links term-links category-style-normal\">\n\t\t\t<a href=\"https:\/\/huellasdelpasado.eu\/en\/category\/antiguas-civilizaciones\/roma\/\" rel=\"category tag\">Roma<\/a> | <a href=\"https:\/\/huellasdelpasado.eu\/en\/category\/antiguas-civilizaciones\/\" rel=\"category tag\">Antiguas Civilizaciones<\/a>\t\t<\/span>\n\t<\/div><!-- .entry-taxonomies -->\n\t<h2 class=\"entry-title\"><a href=\"https:\/\/huellasdelpasado.eu\/en\/fundacion-de-roma\/\" rel=\"bookmark\">Roma 21 de abril: el nacimiento una ciudad destinada a dominar el mundo<\/a><\/h2>\t<div class=\"entry-meta entry-meta-divider-dot\">\n\t\t\t\t<span class=\"posted-on\">\n\t\t\t\t<time class=\"entry-date published\" datetime=\"2026-04-20T10:00:00+00:00\">April 20, 2026<\/time><time class=\"updated\" datetime=\"2026-04-20T10:59:31+00:00\">April 20, 2026<\/time>\t\t\t<\/span>\n\t\t\t\t\t\t<span class=\"category-links\">\n\t\t\t\t<span class=\"category-link-items\"><a href=\"https:\/\/huellasdelpasado.eu\/en\/category\/antiguas-civilizaciones\/roma\/\" rel=\"category tag\">Roma<\/a>, <a href=\"https:\/\/huellasdelpasado.eu\/en\/category\/antiguas-civilizaciones\/\" rel=\"category tag\">Antiguas Civilizaciones<\/a><\/span>\t\t\t<\/span>\n\t\t\t\t<\/div><!-- .entry-meta -->\n\t<\/header><!-- .entry-header -->\n\t<div class=\"entry-summary\">\n\t\t<p>Roma, seg\u00fan la tradici\u00f3n romana, fundada el 21 de abril del a\u00f1o 753 a.C. Esta fecha no solo marca el [&hellip;]<\/p>\n\t<\/div><!-- .entry-summary -->\n\t<footer class=\"entry-footer\">\n\t\t\t<div class=\"entry-actions\">\n\t\t\t<p class=\"more-link-wrap\">\n\t\t\t\t<a href=\"https:\/\/huellasdelpasado.eu\/en\/fundacion-de-roma\/\" class=\"post-more-link\">\n\t\t\t\t\tRead More<span class=\"screen-reader-text\"> Roma 21 de abril: el nacimiento una ciudad destinada a dominar el mundo<\/span><span class=\"kadence-svg-iconset svg-baseline\"><svg aria-hidden=\"true\" class=\"kadence-svg-icon kadence-arrow-right-alt-svg\" fill=\"currentColor\" version=\"1.1\" xmlns=\"http:\/\/www.w3.org\/2000\/svg\" width=\"27\" height=\"28\" viewBox=\"0 0 27 28\"><title>Continue<\/title><path d=\"M27 13.953c0 0.141-0.063 0.281-0.156 0.375l-6 5.531c-0.156 0.141-0.359 0.172-0.547 0.094-0.172-0.078-0.297-0.25-0.297-0.453v-3.5h-19.5c-0.281 0-0.5-0.219-0.5-0.5v-3c0-0.281 0.219-0.5 0.5-0.5h19.5v-3.5c0-0.203 0.109-0.375 0.297-0.453s0.391-0.047 0.547 0.078l6 5.469c0.094 0.094 0.156 0.219 0.156 0.359v0z\"><\/path>\n\t\t\t<\/svg><\/span>\t\t\t\t<\/a>\n\t\t\t<\/p>\n\t\t<\/div><!-- .entry-actions -->\n\t\t<\/footer><!-- .entry-footer -->\t\t<\/div>\n\t<\/article>\n<\/li>\n<li class=\"kb-post-list-item\">\n\t<article class=\"entry content-bg loop-entry post-1089 post type-post status-publish format-standard has-post-thumbnail hentry category-roma category-antiguas-civilizaciones tag-ancient-rome tag-antigua-roma tag-april-ancient-rome tag-aprilis tag-calendario-romano tag-ceres tag-ceres-y-proserpina tag-cerialia tag-cibeles tag-festividades-romanas tag-floraria tag-primavera-en-roma tag-proserpina tag-roman-calendar tag-roman-festivities tag-spring-in-rome tag-venus\">\n\t\t\t\t<a aria-hidden=\"true\" tabindex=\"-1\" role=\"presentation\" class=\"post-thumbnail kadence-thumbnail-ratio-2-3\" href=\"https:\/\/huellasdelpasado.eu\/en\/abril-antigua-roma\/\" aria-label=\"Abril en la Antigua Roma: el mes en que la tierra se abr\u00eda\">\n\t\t\t<div class=\"post-thumbnail-inner\">\n\t\t\t\t<img loading=\"lazy\" decoding=\"async\" width=\"150\" height=\"150\" src=\"https:\/\/huellasdelpasado.eu\/wp-content\/uploads\/2026\/02\/aprilis-antigua-roma-150x150.png\" class=\"attachment-thumbnail size-thumbnail wp-post-image\" alt=\"Abril en la Antigua Roma: el mes en que la tierra se abr\u00eda\" \/>\t\t\t<\/div>\n\t\t<\/a><!-- .post-thumbnail -->\n\t\t\t\t<div class=\"entry-content-wrap\">\n\t\t\t<header class=\"entry-header\">\n\t\t<div class=\"entry-taxonomies\">\n\t\t<span class=\"category-links term-links category-style-normal\">\n\t\t\t<a href=\"https:\/\/huellasdelpasado.eu\/en\/category\/antiguas-civilizaciones\/roma\/\" rel=\"category tag\">Roma<\/a> | <a href=\"https:\/\/huellasdelpasado.eu\/en\/category\/antiguas-civilizaciones\/\" rel=\"category tag\">Antiguas Civilizaciones<\/a>\t\t<\/span>\n\t<\/div><!-- .entry-taxonomies -->\n\t<h2 class=\"entry-title\"><a href=\"https:\/\/huellasdelpasado.eu\/en\/abril-antigua-roma\/\" rel=\"bookmark\">Abril en la Antigua Roma: el mes en que la tierra se abr\u00eda<\/a><\/h2>\t<div class=\"entry-meta entry-meta-divider-dot\">\n\t\t\t\t<span class=\"posted-on\">\n\t\t\t\t<time class=\"entry-date published\" datetime=\"2026-03-30T10:00:00+00:00\">March 30, 2026<\/time><time class=\"updated\" datetime=\"2026-04-04T14:05:43+00:00\">April 4, 2026<\/time>\t\t\t<\/span>\n\t\t\t\t\t\t<span class=\"category-links\">\n\t\t\t\t<span class=\"category-link-items\"><a href=\"https:\/\/huellasdelpasado.eu\/en\/category\/antiguas-civilizaciones\/roma\/\" rel=\"category tag\">Roma<\/a>, <a href=\"https:\/\/huellasdelpasado.eu\/en\/category\/antiguas-civilizaciones\/\" rel=\"category tag\">Antiguas Civilizaciones<\/a><\/span>\t\t\t<\/span>\n\t\t\t\t<\/div><!-- .entry-meta -->\n\t<\/header><!-- .entry-header -->\n\t<div class=\"entry-summary\">\n\t\t<p>En el calendario romano, abril no era simplemente la continuaci\u00f3n de marzo. Era el mes en que la vida estallaba. [&hellip;]<\/p>\n\t<\/div><!-- .entry-summary -->\n\t<footer class=\"entry-footer\">\n\t\t\t<div class=\"entry-actions\">\n\t\t\t<p class=\"more-link-wrap\">\n\t\t\t\t<a href=\"https:\/\/huellasdelpasado.eu\/en\/abril-antigua-roma\/\" class=\"post-more-link\">\n\t\t\t\t\tRead More<span class=\"screen-reader-text\"> Abril en la Antigua Roma: el mes en que la tierra se abr\u00eda<\/span><span class=\"kadence-svg-iconset svg-baseline\"><svg aria-hidden=\"true\" class=\"kadence-svg-icon kadence-arrow-right-alt-svg\" fill=\"currentColor\" version=\"1.1\" xmlns=\"http:\/\/www.w3.org\/2000\/svg\" width=\"27\" height=\"28\" viewBox=\"0 0 27 28\"><title>Continue<\/title><path d=\"M27 13.953c0 0.141-0.063 0.281-0.156 0.375l-6 5.531c-0.156 0.141-0.359 0.172-0.547 0.094-0.172-0.078-0.297-0.25-0.297-0.453v-3.5h-19.5c-0.281 0-0.5-0.219-0.5-0.5v-3c0-0.281 0.219-0.5 0.5-0.5h19.5v-3.5c0-0.203 0.109-0.375 0.297-0.453s0.391-0.047 0.547 0.078l6 5.469c0.094 0.094 0.156 0.219 0.156 0.359v0z\"><\/path>\n\t\t\t<\/svg><\/span>\t\t\t\t<\/a>\n\t\t\t<\/p>\n\t\t<\/div><!-- .entry-actions -->\n\t\t<\/footer><!-- .entry-footer -->\t\t<\/div>\n\t<\/article>\n<\/li>\n<\/ul>\n\n\n<p><\/p>\n","protected":false},"excerpt":{"rendered":"<p>Antes de nosotros existieron grandes civilizaciones que levantaron imperios, templos, ciudades avanzadas y conocimientos sorprendentes. Aqu\u00ed explorar\u00e1s a los egipcios, [&hellip;]<\/p>\n","protected":false},"author":1,"featured_media":0,"parent":0,"menu_order":0,"comment_status":"closed","ping_status":"closed","template":"","meta":{"site-sidebar-layout":"left-sidebar","site-content-layout":"","ast-site-content-layout":"default","site-content-style":"default","site-sidebar-style":"default","ast-global-header-display":"","ast-banner-title-visibility":"","ast-main-header-display":"","ast-hfb-above-header-display":"","ast-hfb-below-header-display":"","ast-hfb-mobile-header-display":"","site-post-title":"","ast-breadcrumbs-content":"","ast-featured-img":"","footer-sml-layout":"","ast-disable-related-posts":"","theme-transparent-header-meta":"","adv-header-id-meta":"","stick-header-meta":"","header-above-stick-meta":"","header-main-stick-meta":"","header-below-stick-meta":"","astra-migrate-meta-layouts":"default","ast-page-background-enabled":"default","ast-page-background-meta":{"desktop":{"background-color":"var(--ast-global-color-5)","background-image":"","background-repeat":"repeat","background-position":"center center","background-size":"auto","background-attachment":"scroll","background-type":"","background-media":"","overlay-type":"","overlay-color":"","overlay-opacity":"","overlay-gradient":""},"tablet":{"background-color":"","background-image":"","background-repeat":"repeat","background-position":"center center","background-size":"auto","background-attachment":"scroll","background-type":"","background-media":"","overlay-type":"","overlay-color":"","overlay-opacity":"","overlay-gradient":""},"mobile":{"background-color":"","background-image":"","background-repeat":"repeat","background-position":"center center","background-size":"auto","background-attachment":"scroll","background-type":"","background-media":"","overlay-type":"","overlay-color":"","overlay-opacity":"","overlay-gradient":""}},"ast-content-background-meta":{"desktop":{"background-color":"var(--ast-global-color-4)","background-image":"","background-repeat":"repeat","background-position":"center center","background-size":"auto","background-attachment":"scroll","background-type":"","background-media":"","overlay-type":"","overlay-color":"","overlay-opacity":"","overlay-gradient":""},"tablet":{"background-color":"var(--ast-global-color-4)","background-image":"","background-repeat":"repeat","background-position":"center center","background-size":"auto","background-attachment":"scroll","background-type":"","background-media":"","overlay-type":"","overlay-color":"","overlay-opacity":"","overlay-gradient":""},"mobile":{"background-color":"var(--ast-global-color-4)","background-image":"","background-repeat":"repeat","background-position":"center center","background-size":"auto","background-attachment":"scroll","background-type":"","background-media":"","overlay-type":"","overlay-color":"","overlay-opacity":"","overlay-gradient":""}},"footnotes":""},"class_list":["post-86","page","type-page","status-publish","hentry"],"_hostinger_reach_plugin_has_subscription_block":false,"_hostinger_reach_plugin_is_elementor":false,"_links":{"self":[{"href":"https:\/\/huellasdelpasado.eu\/en\/wp-json\/wp\/v2\/pages\/86","targetHints":{"allow":["GET"]}}],"collection":[{"href":"https:\/\/huellasdelpasado.eu\/en\/wp-json\/wp\/v2\/pages"}],"about":[{"href":"https:\/\/huellasdelpasado.eu\/en\/wp-json\/wp\/v2\/types\/page"}],"author":[{"embeddable":true,"href":"https:\/\/huellasdelpasado.eu\/en\/wp-json\/wp\/v2\/users\/1"}],"replies":[{"embeddable":true,"href":"https:\/\/huellasdelpasado.eu\/en\/wp-json\/wp\/v2\/comments?post=86"}],"version-history":[{"count":18,"href":"https:\/\/huellasdelpasado.eu\/en\/wp-json\/wp\/v2\/pages\/86\/revisions"}],"predecessor-version":[{"id":2186,"href":"https:\/\/huellasdelpasado.eu\/en\/wp-json\/wp\/v2\/pages\/86\/revisions\/2186"}],"wp:attachment":[{"href":"https:\/\/huellasdelpasado.eu\/en\/wp-json\/wp\/v2\/media?parent=86"}],"curies":[{"name":"wp","href":"https:\/\/api.w.org\/{rel}","templated":true}]}}