{"id":159,"date":"2025-12-01T11:49:49","date_gmt":"2025-12-01T11:49:49","guid":{"rendered":"https:\/\/huellasdelpasado.eu\/?page_id=159"},"modified":"2026-04-19T10:39:18","modified_gmt":"2026-04-19T10:39:18","slug":"mitologia-nordica","status":"publish","type":"page","link":"https:\/\/huellasdelpasado.eu\/en\/mitologia-nordica\/","title":{"rendered":"Norse Mythology"},"content":{"rendered":"\n<p>La <strong>mitolog\u00eda n\u00f3rdica<\/strong> est\u00e1 llena de dioses poderosos, criaturas ancestrales y mundos conectados por el \u00e1rbol Yggdrasil. Desde el origen del universo en el vac\u00edo del Ginnungagap hasta el destino final del Ragnar\u00f6k, sus relatos forman uno de los sistemas m\u00edticos m\u00e1s fascinantes de todos los tiempos.<\/p>\n\n\n\n<p>Un viaje por una de las mitolog\u00edas m\u00e1s \u00e9picas jam\u00e1s contadas: llena de valor, destino, misterio y magia ancestral.<\/p>\n\n\n\n<p>Aqu\u00ed encontrar\u00e1s los or\u00edgenes del universo seg\u00fan los pueblos escandinavos, los nueve mundos, las sagas que dieron forma a su cultura y las historias que a\u00fan hoy inspiran libros, videojuegos y arte.<\/p>\n\n\n<style>.wp-block-kadence-spacer.kt-block-spacer-159_0788ab-8e .kt-block-spacer{height:74px;}.wp-block-kadence-spacer.kt-block-spacer-159_0788ab-8e .kt-divider{border-top-width:3px;height:1px;border-top-color:#d7b980;width:100%;border-top-style:solid;}<\/style>\n<div class=\"wp-block-kadence-spacer aligncenter kt-block-spacer-159_0788ab-8e\"><div class=\"kt-block-spacer kt-block-spacer-halign-center\"><hr class=\"kt-divider\"\/><\/div><\/div>\n\n\n\n<h3 class=\"wp-block-heading\">Gu\u00eda de la Mitolog\u00eda N\u00f3rdica<\/h3>\n\n\n\n<ol class=\"wp-block-list\">\n<li><strong><a href=\"#cosmologia-nordica\">Cosmolog\u00eda N\u00f3rdica<\/a><\/strong><\/li>\n<\/ol>\n\n\n\n<ul class=\"wp-block-list\">\n<li><a href=\"https:\/\/huellasdelpasado.eu\/cosmologia-nordica-el-origen-del-universo\/\">El Origen del Universo<\/a><\/li>\n\n\n\n<li><a href=\"https:\/\/huellasdelpasado.eu\/yggdrasil-el-arbol-sagrado-del-cosmos\/\">Yggdrasil: El \u00c1rbol Sagrado<\/a><\/li>\n\n\n\n<li><a href=\"https:\/\/huellasdelpasado.eu\/nueve-mundos-yggdrasil\/\">Los Nueve Mundos en el \u00c1rbol C\u00f3smico: Yggdrasil<\/a><\/li>\n\n\n\n<li><a href=\"https:\/\/huellasdelpasado.eu\/asgard-el-reino-de-los-aesir\/\">Asgard. El Reino de los \u00c6sir<\/a><\/li>\n\n\n\n<li><a href=\"https:\/\/huellasdelpasado.eu\/vanaheim-reino-vanir-mitologia-nordica\/\">Vanaheim. El Reino de los Vanir<\/a><\/li>\n\n\n\n<li><a href=\"https:\/\/huellasdelpasado.eu\/alfheim-el-reino-de-los-elfos-de-luz\/\">Alfheim. El Reino de los Elfos de Luz<\/a><\/li>\n\n\n\n<li><a href=\"https:\/\/huellasdelpasado.eu\/midgard-el-mundo-de-los-humanos\/\">Midgard. El Mundo de los Humanos<\/a><\/li>\n\n\n\n<li><a href=\"https:\/\/huellasdelpasado.eu\/jotunheim-mitologia-nordica\/\">J\u00f6tunheim. El Reino Salvaje de los J\u00f6tnar<\/a><\/li>\n\n\n\n<li><a href=\"https:\/\/huellasdelpasado.eu\/svartalfheim-nidavellir-reino-enanos\/\">Svartalfheim \/ Nidavellir. El Reino de los Enanos <\/a><\/li>\n\n\n\n<li><a href=\"https:\/\/huellasdelpasado.eu\/niflheim-mundo-de-hielo-y-niebla\/\">Niflheim. El Mundo del Hielo y la Niebla Primordial<\/a><\/li>\n\n\n\n<li><a href=\"https:\/\/huellasdelpasado.eu\/helheim-mitologia-nordica\/\">Helheim. El Reino de los Muertos<\/a><\/li>\n\n\n\n<li><a href=\"https:\/\/huellasdelpasado.eu\/muspelheim-mitologia-nordica\/\">Muspelheim. El Reino del Fuego Primordial<\/a><\/li>\n\n\n\n<li><a href=\"https:\/\/huellasdelpasado.eu\/ragnarok-mitologia-nordica\/\">Ragnar\u00f6k. El destino inevitable de los dioses<\/a><\/li>\n<\/ul>\n\n\n\n<ol start=\"2\" class=\"wp-block-list\">\n<li><a href=\"https:\/\/huellasdelpasado.eu\/dioses\/\">Dioses<\/a><\/li>\n<\/ol>\n\n\n\n<ul class=\"wp-block-list\">\n<li><a href=\"https:\/\/huellasdelpasado.eu\/odin-dios-nordico-asgard\/\">Od\u00edn. El Padre de Todos. Rey de los \u00c6sir y se\u00f1or de Asgard<\/a><\/li>\n<\/ul>\n\n\n<style>.wp-block-kadence-spacer.kt-block-spacer-159_ed7791-c2 .kt-block-spacer{height:74px;}.wp-block-kadence-spacer.kt-block-spacer-159_ed7791-c2 .kt-divider{border-top-width:3px;height:1px;border-top-color:#d7b980;width:100%;border-top-style:solid;}<\/style>\n<div class=\"wp-block-kadence-spacer aligncenter kt-block-spacer-159_ed7791-c2\"><div class=\"kt-block-spacer kt-block-spacer-halign-center\"><hr class=\"kt-divider\"\/><\/div><\/div>\n\n\n\n<h2 class=\"wp-block-heading\" id=\"cosmologia-nordica\">Cosmolog\u00eda N\u00f3rdica<\/h2>\n\n\n<style>.kb-posts-id-159_2d563f-21 .entry.loop-entry .entry-header .entry-title{font-size:var(--global-kb-font-size-md, 1.25rem);}.kb-posts-id-159_2d563f-21 .kb-post-list-item{display:grid;}<\/style><ul class=\"wp-block-kadence-posts kb-posts kadence-posts-list kb-posts-id-159_2d563f-21 content-wrap grid-cols kb-posts-style-boxed grid-sm-col-2 grid-lg-col-3 item-image-style-above\"><li class=\"kb-post-list-item\">\n\t<article class=\"entry content-bg loop-entry post-1249 post type-post status-publish format-standard has-post-thumbnail hentry category-cosmologia-nordica category-mitologia-nordica-mitologias-del-mundo tag-apocalipsis-nordico tag-asgard tag-dioses-nordicos tag-fenrir tag-helheim tag-jormungandr tag-loki tag-mitologia-nordica tag-muspelheim tag-nine-worlds tag-nordic-apocalypse tag-nordic-gods tag-nordic-mythology tag-norse-mythology tag-nueve-mundos tag-odin-2 tag-ragnarok tag-surtr tag-thor tag-viking-mythology tag-yggdrasil\">\n\t\t\t\t<a aria-hidden=\"true\" tabindex=\"-1\" role=\"presentation\" class=\"post-thumbnail kadence-thumbnail-ratio-2-3\" href=\"https:\/\/huellasdelpasado.eu\/en\/ragnarok-mitologia-nordica\/\" aria-label=\"Ragnar\u00f6k. El destino inevitable de los dioses\">\n\t\t\t<div class=\"post-thumbnail-inner\">\n\t\t\t\t<img loading=\"lazy\" decoding=\"async\" width=\"300\" height=\"200\" src=\"https:\/\/huellasdelpasado.eu\/wp-content\/uploads\/2026\/02\/ragnarok-colapso-del-orden-300x200.png\" class=\"attachment-medium size-medium wp-post-image\" alt=\"Ragnar\u00f6k. El destino inevitable de los dioses\" srcset=\"https:\/\/huellasdelpasado.eu\/wp-content\/uploads\/2026\/02\/ragnarok-colapso-del-orden-300x200.png 300w, https:\/\/huellasdelpasado.eu\/wp-content\/uploads\/2026\/02\/ragnarok-colapso-del-orden-1024x683.png 1024w, https:\/\/huellasdelpasado.eu\/wp-content\/uploads\/2026\/02\/ragnarok-colapso-del-orden-768x512.png 768w, https:\/\/huellasdelpasado.eu\/wp-content\/uploads\/2026\/02\/ragnarok-colapso-del-orden-18x12.png 18w, https:\/\/huellasdelpasado.eu\/wp-content\/uploads\/2026\/02\/ragnarok-colapso-del-orden.png 1536w\" sizes=\"auto, (max-width: 300px) 100vw, 300px\" \/>\t\t\t<\/div>\n\t\t<\/a><!-- .post-thumbnail -->\n\t\t\t\t<div class=\"entry-content-wrap\">\n\t\t\t<header class=\"entry-header\">\n\t\t<div class=\"entry-taxonomies\">\n\t\t<span class=\"category-links term-links category-style-normal\">\n\t\t\t<a href=\"https:\/\/huellasdelpasado.eu\/en\/category\/mitologias-del-mundo\/mitologia-nordica-mitologias-del-mundo\/cosmologia-nordica\/\" rel=\"category tag\">Cosmolog\u00eda N\u00f3rdica<\/a> | <a href=\"https:\/\/huellasdelpasado.eu\/en\/category\/mitologias-del-mundo\/mitologia-nordica-mitologias-del-mundo\/\" rel=\"category tag\">Mitolog\u00eda N\u00f3rdica<\/a>\t\t<\/span>\n\t<\/div><!-- .entry-taxonomies -->\n\t<h2 class=\"entry-title\"><a href=\"https:\/\/huellasdelpasado.eu\/en\/ragnarok-mitologia-nordica\/\" rel=\"bookmark\">Ragnar\u00f6k. El destino inevitable de los dioses<\/a><\/h2>\t<div class=\"entry-meta entry-meta-divider-dot\">\n\t<span class=\"posted-by\"><span class=\"meta-label\">By<\/span><span class=\"author vcard\"><span class=\"fn n\">leiasworld.projects@gmail.com<\/span><\/span><\/span>\t\t\t<span class=\"posted-on\">\n\t\t\t\t<time class=\"entry-date published\" datetime=\"2026-03-26T10:00:00+00:00\">March 26, 2026<\/time><time class=\"updated\" datetime=\"2026-04-04T14:10:08+00:00\">April 4, 2026<\/time>\t\t\t<\/span>\n\t\t\t\t<\/div><!-- .entry-meta -->\n\t<\/header><!-- .entry-header -->\n\t<div class=\"entry-summary\">\n\t\t<p>En la mitolog\u00eda n\u00f3rdica, incluso los dioses tienen un final. Ragnar\u00f6k representa el destino inevitable del cosmos: la batalla final [&hellip;]<\/p>\n\t<\/div><!-- .entry-summary -->\n\t<footer class=\"entry-footer\">\n\t\t\t<div class=\"entry-actions\">\n\t\t\t<p class=\"more-link-wrap\">\n\t\t\t\t<a href=\"https:\/\/huellasdelpasado.eu\/en\/ragnarok-mitologia-nordica\/\" class=\"post-more-link\">\n\t\t\t\t\tRead More<span class=\"screen-reader-text\"> Ragnar\u00f6k. El destino inevitable de los dioses<\/span><span class=\"kadence-svg-iconset svg-baseline\"><svg aria-hidden=\"true\" class=\"kadence-svg-icon kadence-arrow-right-alt-svg\" fill=\"currentColor\" version=\"1.1\" xmlns=\"http:\/\/www.w3.org\/2000\/svg\" width=\"27\" height=\"28\" viewBox=\"0 0 27 28\"><title>Continue<\/title><path d=\"M27 13.953c0 0.141-0.063 0.281-0.156 0.375l-6 5.531c-0.156 0.141-0.359 0.172-0.547 0.094-0.172-0.078-0.297-0.25-0.297-0.453v-3.5h-19.5c-0.281 0-0.5-0.219-0.5-0.5v-3c0-0.281 0.219-0.5 0.5-0.5h19.5v-3.5c0-0.203 0.109-0.375 0.297-0.453s0.391-0.047 0.547 0.078l6 5.469c0.094 0.094 0.156 0.219 0.156 0.359v0z\"><\/path>\n\t\t\t<\/svg><\/span>\t\t\t\t<\/a>\n\t\t\t<\/p>\n\t\t<\/div><!-- .entry-actions -->\n\t\t<\/footer><!-- .entry-footer -->\t\t<\/div>\n\t<\/article>\n<\/li>\n<li class=\"kb-post-list-item\">\n\t<article class=\"entry content-bg loop-entry post-1096 post type-post status-publish format-standard has-post-thumbnail hentry category-cosmologia-nordica category-mitologia-nordica-mitologias-del-mundo tag-cosmologia-nordica tag-gigantes-de-fuego tag-mitologia-nordica tag-mitologia-vikinga tag-mundos-nordicos tag-muspelheim tag-nine-worlds tag-nordic-mythology tag-nordic-worlds tag-norse-cosmology tag-norse-mythology tag-nueve-mundos tag-ragnarok tag-surtr tag-viking-mythology tag-yggdrasil\">\n\t\t\t\t<a aria-hidden=\"true\" tabindex=\"-1\" role=\"presentation\" class=\"post-thumbnail kadence-thumbnail-ratio-2-3\" href=\"https:\/\/huellasdelpasado.eu\/en\/muspelheim-mitologia-nordica\/\" aria-label=\"Muspelheim. El reino del fuego primordial\">\n\t\t\t<div class=\"post-thumbnail-inner\">\n\t\t\t\t<img loading=\"lazy\" decoding=\"async\" width=\"300\" height=\"200\" src=\"https:\/\/huellasdelpasado.eu\/wp-content\/uploads\/2026\/02\/muspelheim-el-reino-del-fuego-300x200.png\" class=\"attachment-medium size-medium wp-post-image\" alt=\"Muspelheim. El reino del fuego primordial\" srcset=\"https:\/\/huellasdelpasado.eu\/wp-content\/uploads\/2026\/02\/muspelheim-el-reino-del-fuego-300x200.png 300w, https:\/\/huellasdelpasado.eu\/wp-content\/uploads\/2026\/02\/muspelheim-el-reino-del-fuego-1024x683.png 1024w, https:\/\/huellasdelpasado.eu\/wp-content\/uploads\/2026\/02\/muspelheim-el-reino-del-fuego-768x512.png 768w, https:\/\/huellasdelpasado.eu\/wp-content\/uploads\/2026\/02\/muspelheim-el-reino-del-fuego-18x12.png 18w, https:\/\/huellasdelpasado.eu\/wp-content\/uploads\/2026\/02\/muspelheim-el-reino-del-fuego.png 1536w\" sizes=\"auto, (max-width: 300px) 100vw, 300px\" \/>\t\t\t<\/div>\n\t\t<\/a><!-- .post-thumbnail -->\n\t\t\t\t<div class=\"entry-content-wrap\">\n\t\t\t<header class=\"entry-header\">\n\t\t<div class=\"entry-taxonomies\">\n\t\t<span class=\"category-links term-links category-style-normal\">\n\t\t\t<a href=\"https:\/\/huellasdelpasado.eu\/en\/category\/mitologias-del-mundo\/mitologia-nordica-mitologias-del-mundo\/cosmologia-nordica\/\" rel=\"category tag\">Cosmolog\u00eda N\u00f3rdica<\/a> | <a href=\"https:\/\/huellasdelpasado.eu\/en\/category\/mitologias-del-mundo\/mitologia-nordica-mitologias-del-mundo\/\" rel=\"category tag\">Mitolog\u00eda N\u00f3rdica<\/a>\t\t<\/span>\n\t<\/div><!-- .entry-taxonomies -->\n\t<h2 class=\"entry-title\"><a href=\"https:\/\/huellasdelpasado.eu\/en\/muspelheim-mitologia-nordica\/\" rel=\"bookmark\">Muspelheim. El reino del fuego primordial<\/a><\/h2>\t<div class=\"entry-meta entry-meta-divider-dot\">\n\t<span class=\"posted-by\"><span class=\"meta-label\">By<\/span><span class=\"author vcard\"><span class=\"fn n\">leiasworld.projects@gmail.com<\/span><\/span><\/span>\t\t\t<span class=\"posted-on\">\n\t\t\t\t<time class=\"entry-date published\" datetime=\"2026-03-19T10:00:00+00:00\">March 19, 2026<\/time><time class=\"updated\" datetime=\"2026-04-04T14:15:09+00:00\">April 4, 2026<\/time>\t\t\t<\/span>\n\t\t\t\t<\/div><!-- .entry-meta -->\n\t<\/header><!-- .entry-header -->\n\t<div class=\"entry-summary\">\n\t\t<p>Muspelheim es el mundo del fuego primigenio, una de las realidades m\u00e1s antiguas del cosmos n\u00f3rdico.&nbsp; Se trata de un [&hellip;]<\/p>\n\t<\/div><!-- .entry-summary -->\n\t<footer class=\"entry-footer\">\n\t\t\t<div class=\"entry-actions\">\n\t\t\t<p class=\"more-link-wrap\">\n\t\t\t\t<a href=\"https:\/\/huellasdelpasado.eu\/en\/muspelheim-mitologia-nordica\/\" class=\"post-more-link\">\n\t\t\t\t\tRead More<span class=\"screen-reader-text\"> Muspelheim. El reino del fuego primordial<\/span><span class=\"kadence-svg-iconset svg-baseline\"><svg aria-hidden=\"true\" class=\"kadence-svg-icon kadence-arrow-right-alt-svg\" fill=\"currentColor\" version=\"1.1\" xmlns=\"http:\/\/www.w3.org\/2000\/svg\" width=\"27\" height=\"28\" viewBox=\"0 0 27 28\"><title>Continue<\/title><path d=\"M27 13.953c0 0.141-0.063 0.281-0.156 0.375l-6 5.531c-0.156 0.141-0.359 0.172-0.547 0.094-0.172-0.078-0.297-0.25-0.297-0.453v-3.5h-19.5c-0.281 0-0.5-0.219-0.5-0.5v-3c0-0.281 0.219-0.5 0.5-0.5h19.5v-3.5c0-0.203 0.109-0.375 0.297-0.453s0.391-0.047 0.547 0.078l6 5.469c0.094 0.094 0.156 0.219 0.156 0.359v0z\"><\/path>\n\t\t\t<\/svg><\/span>\t\t\t\t<\/a>\n\t\t\t<\/p>\n\t\t<\/div><!-- .entry-actions -->\n\t\t<\/footer><!-- .entry-footer -->\t\t<\/div>\n\t<\/article>\n<\/li>\n<li class=\"kb-post-list-item\">\n\t<article class=\"entry content-bg loop-entry post-1094 post type-post status-publish format-standard has-post-thumbnail hentry category-cosmologia-nordica category-mitologia-nordica-mitologias-del-mundo tag-cosmologia-nordica tag-hel tag-helheim tag-inframundo-nordico tag-loki tag-mitologia-nordica tag-mitologia-vikinga tag-nine-worlds tag-nordic-mythology tag-nordic-worlds tag-norse-cosmology tag-norse-mythology tag-norse-underworld tag-nueve-mundos tag-reino-de-los-muertos tag-viking-mythology\">\n\t\t\t\t<a aria-hidden=\"true\" tabindex=\"-1\" role=\"presentation\" class=\"post-thumbnail kadence-thumbnail-ratio-2-3\" href=\"https:\/\/huellasdelpasado.eu\/en\/helheim-mitologia-nordica\/\" aria-label=\"Helheim. El Reino de los Muertos\">\n\t\t\t<div class=\"post-thumbnail-inner\">\n\t\t\t\t<img loading=\"lazy\" decoding=\"async\" width=\"300\" height=\"200\" src=\"https:\/\/huellasdelpasado.eu\/wp-content\/uploads\/2026\/02\/helheim-el-reino-de-los-muertos-300x200.png\" class=\"attachment-medium size-medium wp-post-image\" alt=\"Helheim. El Reino de los Muertos\" srcset=\"https:\/\/huellasdelpasado.eu\/wp-content\/uploads\/2026\/02\/helheim-el-reino-de-los-muertos-300x200.png 300w, https:\/\/huellasdelpasado.eu\/wp-content\/uploads\/2026\/02\/helheim-el-reino-de-los-muertos-1024x683.png 1024w, https:\/\/huellasdelpasado.eu\/wp-content\/uploads\/2026\/02\/helheim-el-reino-de-los-muertos-768x512.png 768w, https:\/\/huellasdelpasado.eu\/wp-content\/uploads\/2026\/02\/helheim-el-reino-de-los-muertos-18x12.png 18w, https:\/\/huellasdelpasado.eu\/wp-content\/uploads\/2026\/02\/helheim-el-reino-de-los-muertos.png 1536w\" sizes=\"auto, (max-width: 300px) 100vw, 300px\" \/>\t\t\t<\/div>\n\t\t<\/a><!-- .post-thumbnail -->\n\t\t\t\t<div class=\"entry-content-wrap\">\n\t\t\t<header class=\"entry-header\">\n\t\t<div class=\"entry-taxonomies\">\n\t\t<span class=\"category-links term-links category-style-normal\">\n\t\t\t<a href=\"https:\/\/huellasdelpasado.eu\/en\/category\/mitologias-del-mundo\/mitologia-nordica-mitologias-del-mundo\/cosmologia-nordica\/\" rel=\"category tag\">Cosmolog\u00eda N\u00f3rdica<\/a> | <a href=\"https:\/\/huellasdelpasado.eu\/en\/category\/mitologias-del-mundo\/mitologia-nordica-mitologias-del-mundo\/\" rel=\"category tag\">Mitolog\u00eda N\u00f3rdica<\/a>\t\t<\/span>\n\t<\/div><!-- .entry-taxonomies -->\n\t<h2 class=\"entry-title\"><a href=\"https:\/\/huellasdelpasado.eu\/en\/helheim-mitologia-nordica\/\" rel=\"bookmark\">Helheim. El Reino de los Muertos<\/a><\/h2>\t<div class=\"entry-meta entry-meta-divider-dot\">\n\t<span class=\"posted-by\"><span class=\"meta-label\">By<\/span><span class=\"author vcard\"><span class=\"fn n\">leiasworld.projects@gmail.com<\/span><\/span><\/span>\t\t\t<span class=\"posted-on\">\n\t\t\t\t<time class=\"entry-date published\" datetime=\"2026-03-12T10:00:00+00:00\">March 12, 2026<\/time><time class=\"updated\" datetime=\"2026-04-04T14:23:11+00:00\">April 4, 2026<\/time>\t\t\t<\/span>\n\t\t\t\t<\/div><!-- .entry-meta -->\n\t<\/header><!-- .entry-header -->\n\t<div class=\"entry-summary\">\n\t\t<p>Helheim es el mundo al que llegan aquellos que no murieron en batalla gloriosa.&nbsp; No representa un infierno de castigo [&hellip;]<\/p>\n\t<\/div><!-- .entry-summary -->\n\t<footer class=\"entry-footer\">\n\t\t\t<div class=\"entry-actions\">\n\t\t\t<p class=\"more-link-wrap\">\n\t\t\t\t<a href=\"https:\/\/huellasdelpasado.eu\/en\/helheim-mitologia-nordica\/\" class=\"post-more-link\">\n\t\t\t\t\tRead More<span class=\"screen-reader-text\"> Helheim. El Reino de los Muertos<\/span><span class=\"kadence-svg-iconset svg-baseline\"><svg aria-hidden=\"true\" class=\"kadence-svg-icon kadence-arrow-right-alt-svg\" fill=\"currentColor\" version=\"1.1\" xmlns=\"http:\/\/www.w3.org\/2000\/svg\" width=\"27\" height=\"28\" viewBox=\"0 0 27 28\"><title>Continue<\/title><path d=\"M27 13.953c0 0.141-0.063 0.281-0.156 0.375l-6 5.531c-0.156 0.141-0.359 0.172-0.547 0.094-0.172-0.078-0.297-0.25-0.297-0.453v-3.5h-19.5c-0.281 0-0.5-0.219-0.5-0.5v-3c0-0.281 0.219-0.5 0.5-0.5h19.5v-3.5c0-0.203 0.109-0.375 0.297-0.453s0.391-0.047 0.547 0.078l6 5.469c0.094 0.094 0.156 0.219 0.156 0.359v0z\"><\/path>\n\t\t\t<\/svg><\/span>\t\t\t\t<\/a>\n\t\t\t<\/p>\n\t\t<\/div><!-- .entry-actions -->\n\t\t<\/footer><!-- .entry-footer -->\t\t<\/div>\n\t<\/article>\n<\/li>\n<\/ul>\n\n<style>.wp-block-kadence-spacer.kt-block-spacer-159_56c0c0-7e .kt-block-spacer{height:74px;}.wp-block-kadence-spacer.kt-block-spacer-159_56c0c0-7e .kt-divider{border-top-width:3px;height:1px;border-top-color:#d7b980;width:100%;border-top-style:solid;}<\/style>\n<div class=\"wp-block-kadence-spacer aligncenter kt-block-spacer-159_56c0c0-7e\"><div class=\"kt-block-spacer kt-block-spacer-halign-center\"><hr class=\"kt-divider\"\/><\/div><\/div>\n\n\n\n<p><\/p>\n","protected":false},"excerpt":{"rendered":"<p>La mitolog\u00eda n\u00f3rdica est\u00e1 llena de dioses poderosos, criaturas ancestrales y mundos conectados por el \u00e1rbol Yggdrasil. Desde el origen [&hellip;]<\/p>\n","protected":false},"author":1,"featured_media":0,"parent":0,"menu_order":0,"comment_status":"closed","ping_status":"closed","template":"","meta":{"site-sidebar-layout":"left-sidebar","site-content-layout":"","ast-site-content-layout":"default","site-content-style":"default","site-sidebar-style":"default","ast-global-header-display":"","ast-banner-title-visibility":"","ast-main-header-display":"","ast-hfb-above-header-display":"","ast-hfb-below-header-display":"","ast-hfb-mobile-header-display":"","site-post-title":"","ast-breadcrumbs-content":"","ast-featured-img":"","footer-sml-layout":"","ast-disable-related-posts":"","theme-transparent-header-meta":"default","adv-header-id-meta":"","stick-header-meta":"","header-above-stick-meta":"","header-main-stick-meta":"","header-below-stick-meta":"","astra-migrate-meta-layouts":"default","ast-page-background-enabled":"default","ast-page-background-meta":{"desktop":{"background-color":"var(--ast-global-color-5)","background-image":"","background-repeat":"repeat","background-position":"center center","background-size":"auto","background-attachment":"scroll","background-type":"","background-media":"","overlay-type":"","overlay-color":"","overlay-opacity":"","overlay-gradient":""},"tablet":{"background-color":"","background-image":"","background-repeat":"repeat","background-position":"center center","background-size":"auto","background-attachment":"scroll","background-type":"","background-media":"","overlay-type":"","overlay-color":"","overlay-opacity":"","overlay-gradient":""},"mobile":{"background-color":"","background-image":"","background-repeat":"repeat","background-position":"center center","background-size":"auto","background-attachment":"scroll","background-type":"","background-media":"","overlay-type":"","overlay-color":"","overlay-opacity":"","overlay-gradient":""}},"ast-content-background-meta":{"desktop":{"background-color":"var(--ast-global-color-4)","background-image":"","background-repeat":"repeat","background-position":"center center","background-size":"auto","background-attachment":"scroll","background-type":"","background-media":"","overlay-type":"","overlay-color":"","overlay-opacity":"","overlay-gradient":""},"tablet":{"background-color":"var(--ast-global-color-4)","background-image":"","background-repeat":"repeat","background-position":"center center","background-size":"auto","background-attachment":"scroll","background-type":"","background-media":"","overlay-type":"","overlay-color":"","overlay-opacity":"","overlay-gradient":""},"mobile":{"background-color":"var(--ast-global-color-4)","background-image":"","background-repeat":"repeat","background-position":"center center","background-size":"auto","background-attachment":"scroll","background-type":"","background-media":"","overlay-type":"","overlay-color":"","overlay-opacity":"","overlay-gradient":""}},"footnotes":""},"class_list":["post-159","page","type-page","status-publish","hentry"],"_hostinger_reach_plugin_has_subscription_block":false,"_hostinger_reach_plugin_is_elementor":false,"_links":{"self":[{"href":"https:\/\/huellasdelpasado.eu\/en\/wp-json\/wp\/v2\/pages\/159","targetHints":{"allow":["GET"]}}],"collection":[{"href":"https:\/\/huellasdelpasado.eu\/en\/wp-json\/wp\/v2\/pages"}],"about":[{"href":"https:\/\/huellasdelpasado.eu\/en\/wp-json\/wp\/v2\/types\/page"}],"author":[{"embeddable":true,"href":"https:\/\/huellasdelpasado.eu\/en\/wp-json\/wp\/v2\/users\/1"}],"replies":[{"embeddable":true,"href":"https:\/\/huellasdelpasado.eu\/en\/wp-json\/wp\/v2\/comments?post=159"}],"version-history":[{"count":39,"href":"https:\/\/huellasdelpasado.eu\/en\/wp-json\/wp\/v2\/pages\/159\/revisions"}],"predecessor-version":[{"id":1954,"href":"https:\/\/huellasdelpasado.eu\/en\/wp-json\/wp\/v2\/pages\/159\/revisions\/1954"}],"wp:attachment":[{"href":"https:\/\/huellasdelpasado.eu\/en\/wp-json\/wp\/v2\/media?parent=159"}],"curies":[{"name":"wp","href":"https:\/\/api.w.org\/{rel}","templated":true}]}}