{"id":155,"date":"2025-12-01T11:12:16","date_gmt":"2025-12-01T11:12:16","guid":{"rendered":"https:\/\/huellasdelpasado.eu\/?page_id=155"},"modified":"2026-04-27T10:43:21","modified_gmt":"2026-04-27T10:43:21","slug":"festividades-del-mundo-2","status":"publish","type":"page","link":"https:\/\/huellasdelpasado.eu\/en\/festividades-del-mundo-2\/","title":{"rendered":"Festivals of the World"},"content":{"rendered":"\n<p>Las festividades son una parte esencial de la historia humana. Desde celebraciones paganas hasta tradiciones modernas, cada cultura ha creado ritos, s\u00edmbolos y personajes que han sobrevivido al paso del tiempo.<\/p>\n\n\n\n<p>En esta secci\u00f3n explorar\u00e1s el origen, la historia y las curiosas costumbres detr\u00e1s de las festividades m\u00e1s conocidas del mundo.<\/p>\n\n\n\n<p>Un viaje por celebraciones antiguas, creencias, magia y tradiciones que siguen acompa\u00f1\u00e1ndonos a\u00f1o tras a\u00f1o.<\/p>\n\n\n<style>.wp-block-kadence-spacer.kt-block-spacer-155_c40daf-52 .kt-block-spacer{height:74px;}.wp-block-kadence-spacer.kt-block-spacer-155_c40daf-52 .kt-divider{border-top-width:3px;height:1px;border-top-color:#deb768;width:100%;border-top-style:solid;}<\/style>\n<div class=\"wp-block-kadence-spacer aligncenter kt-block-spacer-155_c40daf-52\"><div class=\"kt-block-spacer kt-block-spacer-halign-center\"><hr class=\"kt-divider\"\/><\/div><\/div>\n\n\n\n<h3 class=\"wp-block-heading\">Gu\u00eda de <a href=\"https:\/\/huellasdelpasado.eu\/category\/festividades-del-mundo\/\">Festividades del Mundo<\/a><\/h3>\n\n\n\n<ul class=\"wp-block-list\">\n<li><a href=\"https:\/\/huellasdelpasado.eu\/1-de-enero-el-origen-de-ano-nuevo\/\">1 de enero: el origen de A\u00f1o Nuevo<\/a><\/li>\n\n\n\n<li><a href=\"https:\/\/huellasdelpasado.eu\/dia-mundial-de-la-pizza-9-de-febrero\/\">D\u00eda Mundial de la Pizza (9 de febrero): del pan humilde al icono del mundo<\/a><\/li>\n\n\n\n<li><a href=\"https:\/\/huellasdelpasado.eu\/san-patricio-la-leyenda-de-las-serpientes\/\">San Patricio: la leyenda de las serpientes y el origen del 17 de marzo<\/a><\/li>\n\n\n\n<li><a href=\"https:\/\/huellasdelpasado.eu\/noche-de-walpurgis-origen\/\">La Noche de Walpurgis: origen, fuego, esp\u00edritus y tradiciones de primavera<\/a><\/li>\n<\/ul>\n\n\n\n<h3 class=\"wp-block-heading\"><strong>1. <a href=\"https:\/\/huellasdelpasado.eu\/category\/festividades-del-mundo\/navidad\/\">Navidad<\/a><\/strong><\/h3>\n\n\n\n<h4 class=\"wp-block-heading\">1.1 <a href=\"https:\/\/huellasdelpasado.eu\/category\/festividades-del-mundo\/navidad\/tradiciones-del-mundo\/\">Tradiciones del Mundo<\/a><\/h4>\n\n\n\n<ul class=\"wp-block-list\">\n<li><a href=\"https:\/\/huellasdelpasado.eu\/el-origen-del-arbol-de-navidad\/\">El Origen del \u00c1rbol de Navidad<\/a><\/li>\n\n\n\n<li><a href=\"https:\/\/huellasdelpasado.eu\/6-de-enero-el-origen-del-dia-de-reyes\/\">6 de enero: el origen del D\u00eda de Reyes<\/a><\/li>\n<\/ul>\n\n\n\n<h4 class=\"wp-block-heading\"><strong>1.2 <a href=\"https:\/\/huellasdelpasado.eu\/category\/festividades-del-mundo\/navidad\/seres-navidenos\/\">Seres Navide\u00f1os<\/a><\/strong><\/h4>\n\n\n\n<ul class=\"wp-block-list\">\n<li><a href=\"https:\/\/huellasdelpasado.eu\/gryla-la-giganta-del-invierno-nordico\/\">Gr\u00fdla. La Giganta del Invierno N\u00f3rdico<\/a><\/li>\n\n\n\n<li><a href=\"https:\/\/huellasdelpasado.eu\/jolakotturinn-el-gato-de-yule\/\">J\u00f3lak\u00f6tturinn. El Gato de Yule<\/a><\/li>\n<\/ul>\n\n\n<style>.wp-block-kadence-spacer.kt-block-spacer-155_dc1edf-0a .kt-block-spacer{height:74px;}.wp-block-kadence-spacer.kt-block-spacer-155_dc1edf-0a .kt-divider{border-top-width:3px;height:1px;border-top-color:#deb768;width:100%;border-top-style:solid;}<\/style>\n<div class=\"wp-block-kadence-spacer aligncenter kt-block-spacer-155_dc1edf-0a\"><div class=\"kt-block-spacer kt-block-spacer-halign-center\"><hr class=\"kt-divider\"\/><\/div><\/div>\n\n\n<style>.kb-posts-id-155_43f757-d0 .entry.loop-entry .entry-header .entry-title{font-size:var(--global-kb-font-size-md, 1.25rem);}.kb-posts-id-155_43f757-d0 .kb-post-list-item{display:grid;}<\/style><ul class=\"wp-block-kadence-posts kb-posts kadence-posts-list kb-posts-id-155_43f757-d0 content-wrap grid-cols kb-posts-style-boxed grid-sm-col-2 grid-lg-col-3 item-image-style-above\"><li class=\"kb-post-list-item\">\n\t<article class=\"entry content-bg loop-entry post-1354 post type-post status-publish format-standard has-post-thumbnail hentry category-festividades-del-mundo tag-aquelarre tag-beltane tag-brocken tag-brujas tag-brujeria-europea tag-celebraciones-de-primavera tag-coven tag-equinoccio-primavera tag-european-witchcraft tag-festividades-paganas tag-harz tag-noche-de-walpurgis tag-pagan-festivals tag-santa-walburga tag-spring-celebrations tag-spring-equinox tag-valborg tag-vappu tag-walpurgis-night tag-walpurgisnacht tag-witches\">\n\t\t\t\t<a aria-hidden=\"true\" tabindex=\"-1\" role=\"presentation\" class=\"post-thumbnail kadence-thumbnail-ratio-2-3\" href=\"https:\/\/huellasdelpasado.eu\/en\/noche-de-walpurgis-origen\/\" aria-label=\"La Noche de Walpurgis: origen, fuego, esp\u00edritus y tradiciones de primavera\">\n\t\t\t<div class=\"post-thumbnail-inner\">\n\t\t\t\t<img loading=\"lazy\" decoding=\"async\" width=\"150\" height=\"150\" src=\"https:\/\/huellasdelpasado.eu\/wp-content\/uploads\/2026\/03\/aquelarre-noche-de-walpurgis-150x150.png\" class=\"attachment-thumbnail size-thumbnail wp-post-image\" alt=\"La Noche de Walpurgis: origen, fuego, esp\u00edritus y tradiciones de primavera\" \/>\t\t\t<\/div>\n\t\t<\/a><!-- .post-thumbnail -->\n\t\t\t\t<div class=\"entry-content-wrap\">\n\t\t\t<header class=\"entry-header\">\n\t\t<div class=\"entry-taxonomies\">\n\t\t<span class=\"category-links term-links category-style-normal\">\n\t\t\t<a href=\"https:\/\/huellasdelpasado.eu\/en\/category\/festividades-del-mundo\/\" rel=\"category tag\">Festividades del Mundo<\/a>\t\t<\/span>\n\t<\/div><!-- .entry-taxonomies -->\n\t<h2 class=\"entry-title\"><a href=\"https:\/\/huellasdelpasado.eu\/en\/noche-de-walpurgis-origen\/\" rel=\"bookmark\">La Noche de Walpurgis: origen, fuego, esp\u00edritus y tradiciones de primavera<\/a><\/h2>\t<div class=\"entry-meta entry-meta-divider-dot\">\n\t\t\t\t<span class=\"posted-on\">\n\t\t\t\t<time class=\"entry-date published\" datetime=\"2026-04-27T10:00:00+00:00\">April 27, 2026<\/time><time class=\"updated\" datetime=\"2026-04-03T13:39:22+00:00\">April 3, 2026<\/time>\t\t\t<\/span>\n\t\t\t\t\t\t<span class=\"category-links\">\n\t\t\t\t<span class=\"category-link-items\"><a href=\"https:\/\/huellasdelpasado.eu\/en\/category\/festividades-del-mundo\/\" rel=\"category tag\">Festividades del Mundo<\/a><\/span>\t\t\t<\/span>\n\t\t\t\t<\/div><!-- .entry-meta -->\n\t<\/header><!-- .entry-header -->\n\t<div class=\"entry-summary\">\n\t\t<p>Cada a\u00f1o, en la noche del 30 de abril, muchas regiones de Europa celebran una antigua festividad cargada de misterio [&hellip;]<\/p>\n\t<\/div><!-- .entry-summary -->\n\t<footer class=\"entry-footer\">\n\t\t\t<div class=\"entry-actions\">\n\t\t\t<p class=\"more-link-wrap\">\n\t\t\t\t<a href=\"https:\/\/huellasdelpasado.eu\/en\/noche-de-walpurgis-origen\/\" class=\"post-more-link\">\n\t\t\t\t\tRead More<span class=\"screen-reader-text\"> La Noche de Walpurgis: origen, fuego, esp\u00edritus y tradiciones de primavera<\/span><span class=\"kadence-svg-iconset svg-baseline\"><svg aria-hidden=\"true\" class=\"kadence-svg-icon kadence-arrow-right-alt-svg\" fill=\"currentColor\" version=\"1.1\" xmlns=\"http:\/\/www.w3.org\/2000\/svg\" width=\"27\" height=\"28\" viewBox=\"0 0 27 28\"><title>Continue<\/title><path d=\"M27 13.953c0 0.141-0.063 0.281-0.156 0.375l-6 5.531c-0.156 0.141-0.359 0.172-0.547 0.094-0.172-0.078-0.297-0.25-0.297-0.453v-3.5h-19.5c-0.281 0-0.5-0.219-0.5-0.5v-3c0-0.281 0.219-0.5 0.5-0.5h19.5v-3.5c0-0.203 0.109-0.375 0.297-0.453s0.391-0.047 0.547 0.078l6 5.469c0.094 0.094 0.156 0.219 0.156 0.359v0z\"><\/path>\n\t\t\t<\/svg><\/span>\t\t\t\t<\/a>\n\t\t\t<\/p>\n\t\t<\/div><!-- .entry-actions -->\n\t\t<\/footer><!-- .entry-footer -->\t\t<\/div>\n\t<\/article>\n<\/li>\n<li class=\"kb-post-list-item\">\n\t<article class=\"entry content-bg loop-entry post-1085 post type-post status-publish format-standard has-post-thumbnail hentry category-festividades-del-mundo tag-celtic-folklore tag-celtic-mythology tag-celtic-solar-cross tag-cristianismo tag-cruz-solar-celta tag-festividades tag-festivities tag-high-cross tag-ireland tag-irish-legends tag-irlanda tag-legend-of-snakes-in-ireland tag-leyenda-serpientes-irlanda tag-leyendas-irlandesas tag-mitologia-celta tag-pagan-festivities tag-paganismo tag-saint-patrick tag-san-patricio tag-simbolos-celtas-2 tag-st-patrciks-day\">\n\t\t\t\t<a aria-hidden=\"true\" tabindex=\"-1\" role=\"presentation\" class=\"post-thumbnail kadence-thumbnail-ratio-2-3\" href=\"https:\/\/huellasdelpasado.eu\/en\/san-patricio-la-leyenda-de-las-serpientes\/\" aria-label=\"San Patricio: la leyenda de las serpientes y el origen del 17 de marzo\">\n\t\t\t<div class=\"post-thumbnail-inner\">\n\t\t\t\t<img loading=\"lazy\" decoding=\"async\" width=\"150\" height=\"150\" src=\"https:\/\/huellasdelpasado.eu\/wp-content\/uploads\/2026\/02\/paisaje-irlandes-mito-serpientes-150x150.png\" class=\"attachment-thumbnail size-thumbnail wp-post-image\" alt=\"San Patricio: la leyenda de las serpientes y el origen del 17 de marzo\" \/>\t\t\t<\/div>\n\t\t<\/a><!-- .post-thumbnail -->\n\t\t\t\t<div class=\"entry-content-wrap\">\n\t\t\t<header class=\"entry-header\">\n\t\t<div class=\"entry-taxonomies\">\n\t\t<span class=\"category-links term-links category-style-normal\">\n\t\t\t<a href=\"https:\/\/huellasdelpasado.eu\/en\/category\/festividades-del-mundo\/\" rel=\"category tag\">Festividades del Mundo<\/a>\t\t<\/span>\n\t<\/div><!-- .entry-taxonomies -->\n\t<h2 class=\"entry-title\"><a href=\"https:\/\/huellasdelpasado.eu\/en\/san-patricio-la-leyenda-de-las-serpientes\/\" rel=\"bookmark\">San Patricio: la leyenda de las serpientes y el origen del 17 de marzo<\/a><\/h2>\t<div class=\"entry-meta entry-meta-divider-dot\">\n\t\t\t\t<span class=\"posted-on\">\n\t\t\t\t<time class=\"entry-date published\" datetime=\"2026-03-09T10:00:00+00:00\">March 9, 2026<\/time><time class=\"updated\" datetime=\"2026-04-05T12:47:00+00:00\">April 5, 2026<\/time>\t\t\t<\/span>\n\t\t\t\t\t\t<span class=\"category-links\">\n\t\t\t\t<span class=\"category-link-items\"><a href=\"https:\/\/huellasdelpasado.eu\/en\/category\/festividades-del-mundo\/\" rel=\"category tag\">Festividades del Mundo<\/a><\/span>\t\t\t<\/span>\n\t\t\t\t<\/div><!-- .entry-meta -->\n\t<\/header><!-- .entry-header -->\n\t<div class=\"entry-summary\">\n\t\t<p>Durante siglos se ha repetido la misma historia: San Patricio expuls\u00f3 a las serpientes de Irlanda.&nbsp; Pero Irlanda nunca tuvo [&hellip;]<\/p>\n\t<\/div><!-- .entry-summary -->\n\t<footer class=\"entry-footer\">\n\t\t\t<div class=\"entry-actions\">\n\t\t\t<p class=\"more-link-wrap\">\n\t\t\t\t<a href=\"https:\/\/huellasdelpasado.eu\/en\/san-patricio-la-leyenda-de-las-serpientes\/\" class=\"post-more-link\">\n\t\t\t\t\tRead More<span class=\"screen-reader-text\"> San Patricio: la leyenda de las serpientes y el origen del 17 de marzo<\/span><span class=\"kadence-svg-iconset svg-baseline\"><svg aria-hidden=\"true\" class=\"kadence-svg-icon kadence-arrow-right-alt-svg\" fill=\"currentColor\" version=\"1.1\" xmlns=\"http:\/\/www.w3.org\/2000\/svg\" width=\"27\" height=\"28\" viewBox=\"0 0 27 28\"><title>Continue<\/title><path d=\"M27 13.953c0 0.141-0.063 0.281-0.156 0.375l-6 5.531c-0.156 0.141-0.359 0.172-0.547 0.094-0.172-0.078-0.297-0.25-0.297-0.453v-3.5h-19.5c-0.281 0-0.5-0.219-0.5-0.5v-3c0-0.281 0.219-0.5 0.5-0.5h19.5v-3.5c0-0.203 0.109-0.375 0.297-0.453s0.391-0.047 0.547 0.078l6 5.469c0.094 0.094 0.156 0.219 0.156 0.359v0z\"><\/path>\n\t\t\t<\/svg><\/span>\t\t\t\t<\/a>\n\t\t\t<\/p>\n\t\t<\/div><!-- .entry-actions -->\n\t\t<\/footer><!-- .entry-footer -->\t\t<\/div>\n\t<\/article>\n<\/li>\n<li class=\"kb-post-list-item\">\n\t<article class=\"entry content-bg loop-entry post-876 post type-post status-publish format-standard has-post-thumbnail hentry category-festividades-del-mundo tag-curiosidades-gastronomicas tag-dia-mundial-de-la-pizza tag-historia-de-la-pizza tag-italia tag-pizza tag-pizza-napolitana tag-unesco\">\n\t\t\t\t<a aria-hidden=\"true\" tabindex=\"-1\" role=\"presentation\" class=\"post-thumbnail kadence-thumbnail-ratio-2-3\" href=\"https:\/\/huellasdelpasado.eu\/en\/dia-mundial-de-la-pizza-9-de-febrero\/\" aria-label=\"D\u00eda Mundial de la Pizza (9 de febrero): del pan humilde al icono del mundo\">\n\t\t\t<div class=\"post-thumbnail-inner\">\n\t\t\t\t<img loading=\"lazy\" decoding=\"async\" width=\"150\" height=\"150\" src=\"https:\/\/huellasdelpasado.eu\/wp-content\/uploads\/2026\/01\/pizza-napoletana-clasica-150x150.png\" class=\"attachment-thumbnail size-thumbnail wp-post-image\" alt=\"D\u00eda Mundial de la Pizza (9 de febrero): del pan humilde al icono del mundo\" \/>\t\t\t<\/div>\n\t\t<\/a><!-- .post-thumbnail -->\n\t\t\t\t<div class=\"entry-content-wrap\">\n\t\t\t<header class=\"entry-header\">\n\t\t<div class=\"entry-taxonomies\">\n\t\t<span class=\"category-links term-links category-style-normal\">\n\t\t\t<a href=\"https:\/\/huellasdelpasado.eu\/en\/category\/festividades-del-mundo\/\" rel=\"category tag\">Festividades del Mundo<\/a>\t\t<\/span>\n\t<\/div><!-- .entry-taxonomies -->\n\t<h2 class=\"entry-title\"><a href=\"https:\/\/huellasdelpasado.eu\/en\/dia-mundial-de-la-pizza-9-de-febrero\/\" rel=\"bookmark\">D\u00eda Mundial de la Pizza (9 de febrero): del pan humilde al icono del mundo<\/a><\/h2>\t<div class=\"entry-meta entry-meta-divider-dot\">\n\t\t\t\t<span class=\"posted-on\">\n\t\t\t\t<time class=\"entry-date published\" datetime=\"2026-02-09T10:00:00+00:00\">February 9, 2026<\/time><time class=\"updated\" datetime=\"2026-01-18T11:43:06+00:00\">January 18, 2026<\/time>\t\t\t<\/span>\n\t\t\t\t\t\t<span class=\"category-links\">\n\t\t\t\t<span class=\"category-link-items\"><a href=\"https:\/\/huellasdelpasado.eu\/en\/category\/festividades-del-mundo\/\" rel=\"category tag\">Festividades del Mundo<\/a><\/span>\t\t\t<\/span>\n\t\t\t\t<\/div><!-- .entry-meta -->\n\t<\/header><!-- .entry-header -->\n\t<div class=\"entry-summary\">\n\t\t<p>Pizza Napoletana emblema y orgullo de N\u00e1poles, Italia.<\/p>\n\t<\/div><!-- .entry-summary -->\n\t<footer class=\"entry-footer\">\n\t\t\t<div class=\"entry-actions\">\n\t\t\t<p class=\"more-link-wrap\">\n\t\t\t\t<a href=\"https:\/\/huellasdelpasado.eu\/en\/dia-mundial-de-la-pizza-9-de-febrero\/\" class=\"post-more-link\">\n\t\t\t\t\tRead More<span class=\"screen-reader-text\"> D\u00eda Mundial de la Pizza (9 de febrero): del pan humilde al icono del mundo<\/span><span class=\"kadence-svg-iconset svg-baseline\"><svg aria-hidden=\"true\" class=\"kadence-svg-icon kadence-arrow-right-alt-svg\" fill=\"currentColor\" version=\"1.1\" xmlns=\"http:\/\/www.w3.org\/2000\/svg\" width=\"27\" height=\"28\" viewBox=\"0 0 27 28\"><title>Continue<\/title><path d=\"M27 13.953c0 0.141-0.063 0.281-0.156 0.375l-6 5.531c-0.156 0.141-0.359 0.172-0.547 0.094-0.172-0.078-0.297-0.25-0.297-0.453v-3.5h-19.5c-0.281 0-0.5-0.219-0.5-0.5v-3c0-0.281 0.219-0.5 0.5-0.5h19.5v-3.5c0-0.203 0.109-0.375 0.297-0.453s0.391-0.047 0.547 0.078l6 5.469c0.094 0.094 0.156 0.219 0.156 0.359v0z\"><\/path>\n\t\t\t<\/svg><\/span>\t\t\t\t<\/a>\n\t\t\t<\/p>\n\t\t<\/div><!-- .entry-actions -->\n\t\t<\/footer><!-- .entry-footer -->\t\t<\/div>\n\t<\/article>\n<\/li>\n<li class=\"kb-post-list-item\">\n\t<article class=\"entry content-bg loop-entry post-681 post type-post status-publish format-standard has-post-thumbnail hentry category-festividades-del-mundo tag-1-de-enero tag-calendario-gregoriano tag-calendario-romano tag-historia-del-calendario tag-origen-del-ano-nuevo tag-tradiciones-del-ano-nuevo\">\n\t\t\t\t<a aria-hidden=\"true\" tabindex=\"-1\" role=\"presentation\" class=\"post-thumbnail kadence-thumbnail-ratio-2-3\" href=\"https:\/\/huellasdelpasado.eu\/en\/1-de-enero-el-origen-de-ano-nuevo\/\" aria-label=\"1 de enero: el origen de A\u00f1o Nuevo\">\n\t\t\t<div class=\"post-thumbnail-inner\">\n\t\t\t\t<img loading=\"lazy\" decoding=\"async\" width=\"150\" height=\"150\" src=\"https:\/\/huellasdelpasado.eu\/wp-content\/uploads\/2025\/12\/tribu-de-los-belos-150x150.png\" class=\"attachment-thumbnail size-thumbnail wp-post-image\" alt=\"1 de enero: el origen de A\u00f1o Nuevo\" \/>\t\t\t<\/div>\n\t\t<\/a><!-- .post-thumbnail -->\n\t\t\t\t<div class=\"entry-content-wrap\">\n\t\t\t<header class=\"entry-header\">\n\t\t<div class=\"entry-taxonomies\">\n\t\t<span class=\"category-links term-links category-style-normal\">\n\t\t\t<a href=\"https:\/\/huellasdelpasado.eu\/en\/category\/festividades-del-mundo\/\" rel=\"category tag\">Festividades del Mundo<\/a>\t\t<\/span>\n\t<\/div><!-- .entry-taxonomies -->\n\t<h2 class=\"entry-title\"><a href=\"https:\/\/huellasdelpasado.eu\/en\/1-de-enero-el-origen-de-ano-nuevo\/\" rel=\"bookmark\">1 de enero: el origen de A\u00f1o Nuevo<\/a><\/h2>\t<div class=\"entry-meta entry-meta-divider-dot\">\n\t\t\t\t<span class=\"posted-on\">\n\t\t\t\t<time class=\"entry-date published\" datetime=\"2026-01-01T10:00:00+00:00\">January 1, 2026<\/time><time class=\"updated\" datetime=\"2026-05-08T10:14:01+00:00\">May 8, 2026<\/time>\t\t\t<\/span>\n\t\t\t\t\t\t<span class=\"category-links\">\n\t\t\t\t<span class=\"category-link-items\"><a href=\"https:\/\/huellasdelpasado.eu\/en\/category\/festividades-del-mundo\/\" rel=\"category tag\">Festividades del Mundo<\/a><\/span>\t\t\t<\/span>\n\t\t\t\t<\/div><!-- .entry-meta -->\n\t<\/header><!-- .entry-header -->\n\t<div class=\"entry-summary\">\n\t\t<p>La celebraci\u00f3n del A\u00f1o Nuevo es una de las tradiciones m\u00e1s universales del mundo, pero&nbsp; su fecha y significado var\u00edan [&hellip;]<\/p>\n\t<\/div><!-- .entry-summary -->\n\t<footer class=\"entry-footer\">\n\t\t\t<div class=\"entry-actions\">\n\t\t\t<p class=\"more-link-wrap\">\n\t\t\t\t<a href=\"https:\/\/huellasdelpasado.eu\/en\/1-de-enero-el-origen-de-ano-nuevo\/\" class=\"post-more-link\">\n\t\t\t\t\tRead More<span class=\"screen-reader-text\"> 1 de enero: el origen de A\u00f1o Nuevo<\/span><span class=\"kadence-svg-iconset svg-baseline\"><svg aria-hidden=\"true\" class=\"kadence-svg-icon kadence-arrow-right-alt-svg\" fill=\"currentColor\" version=\"1.1\" xmlns=\"http:\/\/www.w3.org\/2000\/svg\" width=\"27\" height=\"28\" viewBox=\"0 0 27 28\"><title>Continue<\/title><path d=\"M27 13.953c0 0.141-0.063 0.281-0.156 0.375l-6 5.531c-0.156 0.141-0.359 0.172-0.547 0.094-0.172-0.078-0.297-0.25-0.297-0.453v-3.5h-19.5c-0.281 0-0.5-0.219-0.5-0.5v-3c0-0.281 0.219-0.5 0.5-0.5h19.5v-3.5c0-0.203 0.109-0.375 0.297-0.453s0.391-0.047 0.547 0.078l6 5.469c0.094 0.094 0.156 0.219 0.156 0.359v0z\"><\/path>\n\t\t\t<\/svg><\/span>\t\t\t\t<\/a>\n\t\t\t<\/p>\n\t\t<\/div><!-- .entry-actions -->\n\t\t<\/footer><!-- .entry-footer -->\t\t<\/div>\n\t<\/article>\n<\/li>\n<\/ul>","protected":false},"excerpt":{"rendered":"<p>Las festividades son una parte esencial de la historia humana. Desde celebraciones paganas hasta tradiciones modernas, cada cultura ha creado [&hellip;]<\/p>\n","protected":false},"author":1,"featured_media":0,"parent":0,"menu_order":0,"comment_status":"closed","ping_status":"closed","template":"","meta":{"site-sidebar-layout":"left-sidebar","site-content-layout":"","ast-site-content-layout":"default","site-content-style":"default","site-sidebar-style":"default","ast-global-header-display":"","ast-banner-title-visibility":"","ast-main-header-display":"","ast-hfb-above-header-display":"","ast-hfb-below-header-display":"","ast-hfb-mobile-header-display":"","site-post-title":"","ast-breadcrumbs-content":"","ast-featured-img":"","footer-sml-layout":"","ast-disable-related-posts":"","theme-transparent-header-meta":"","adv-header-id-meta":"","stick-header-meta":"","header-above-stick-meta":"","header-main-stick-meta":"","header-below-stick-meta":"","astra-migrate-meta-layouts":"default","ast-page-background-enabled":"default","ast-page-background-meta":{"desktop":{"background-color":"var(--ast-global-color-5)","background-image":"","background-repeat":"repeat","background-position":"center center","background-size":"auto","background-attachment":"scroll","background-type":"","background-media":"","overlay-type":"","overlay-color":"","overlay-opacity":"","overlay-gradient":""},"tablet":{"background-color":"","background-image":"","background-repeat":"repeat","background-position":"center center","background-size":"auto","background-attachment":"scroll","background-type":"","background-media":"","overlay-type":"","overlay-color":"","overlay-opacity":"","overlay-gradient":""},"mobile":{"background-color":"","background-image":"","background-repeat":"repeat","background-position":"center center","background-size":"auto","background-attachment":"scroll","background-type":"","background-media":"","overlay-type":"","overlay-color":"","overlay-opacity":"","overlay-gradient":""}},"ast-content-background-meta":{"desktop":{"background-color":"var(--ast-global-color-4)","background-image":"","background-repeat":"repeat","background-position":"center center","background-size":"auto","background-attachment":"scroll","background-type":"","background-media":"","overlay-type":"","overlay-color":"","overlay-opacity":"","overlay-gradient":""},"tablet":{"background-color":"var(--ast-global-color-4)","background-image":"","background-repeat":"repeat","background-position":"center center","background-size":"auto","background-attachment":"scroll","background-type":"","background-media":"","overlay-type":"","overlay-color":"","overlay-opacity":"","overlay-gradient":""},"mobile":{"background-color":"var(--ast-global-color-4)","background-image":"","background-repeat":"repeat","background-position":"center center","background-size":"auto","background-attachment":"scroll","background-type":"","background-media":"","overlay-type":"","overlay-color":"","overlay-opacity":"","overlay-gradient":""}},"footnotes":""},"class_list":["post-155","page","type-page","status-publish","hentry"],"_hostinger_reach_plugin_has_subscription_block":false,"_hostinger_reach_plugin_is_elementor":false,"_links":{"self":[{"href":"https:\/\/huellasdelpasado.eu\/en\/wp-json\/wp\/v2\/pages\/155","targetHints":{"allow":["GET"]}}],"collection":[{"href":"https:\/\/huellasdelpasado.eu\/en\/wp-json\/wp\/v2\/pages"}],"about":[{"href":"https:\/\/huellasdelpasado.eu\/en\/wp-json\/wp\/v2\/types\/page"}],"author":[{"embeddable":true,"href":"https:\/\/huellasdelpasado.eu\/en\/wp-json\/wp\/v2\/users\/1"}],"replies":[{"embeddable":true,"href":"https:\/\/huellasdelpasado.eu\/en\/wp-json\/wp\/v2\/comments?post=155"}],"version-history":[{"count":16,"href":"https:\/\/huellasdelpasado.eu\/en\/wp-json\/wp\/v2\/pages\/155\/revisions"}],"predecessor-version":[{"id":2054,"href":"https:\/\/huellasdelpasado.eu\/en\/wp-json\/wp\/v2\/pages\/155\/revisions\/2054"}],"wp:attachment":[{"href":"https:\/\/huellasdelpasado.eu\/en\/wp-json\/wp\/v2\/media?parent=155"}],"curies":[{"name":"wp","href":"https:\/\/api.w.org\/{rel}","templated":true}]}}