{"id":1384,"date":"2026-03-16T11:10:07","date_gmt":"2026-03-16T11:10:07","guid":{"rendered":"https:\/\/huellasdelpasado.eu\/?page_id=1384"},"modified":"2026-04-19T10:40:22","modified_gmt":"2026-04-19T10:40:22","slug":"dioses","status":"publish","type":"page","link":"https:\/\/huellasdelpasado.eu\/en\/dioses\/","title":{"rendered":"Gods"},"content":{"rendered":"\n<p>Los dioses han ocupado un lugar central en las creencias y mitolog\u00edas de las civilizaciones a lo largo de la historia. Para los pueblos antiguos, estas divinidades no solo representaban fuerzas de la naturaleza o principios c\u00f3smicos, sino tambi\u00e9n valores, temores y aspiraciones humanas.<\/p>\n\n\n\n<p>Desde los dioses del Olimpo en la antigua Grecia hasta las poderosas deidades de las tradiciones n\u00f3rdicas, egipcias o mesoamericanas, cada cultura construy\u00f3 su propio universo sagrado, poblado de figuras divinas con historias, s\u00edmbolos y funciones particulares.<\/p>\n\n\n\n<p>En esta secci\u00f3n exploraremos algunos de los dioses m\u00e1s fascinantes del mundo antiguo: sus mitos, su papel dentro de cada tradici\u00f3n y la huella cultural que dejaron en las sociedades que los veneraron.<\/p>\n\n\n\n<p>A trav\u00e9s de estos relatos descubrimos c\u00f3mo las civilizaciones del pasado intentaron comprender el mundo, explicar sus misterios y dar sentido a la vida humana. <\/p>\n\n\n<style>.wp-block-kadence-spacer.kt-block-spacer-1384_17efc4-1e .kt-block-spacer{height:74px;}.wp-block-kadence-spacer.kt-block-spacer-1384_17efc4-1e .kt-divider{border-top-width:3px;height:1px;border-top-color:#deb768;width:100%;border-top-style:solid;}<\/style>\n<div class=\"wp-block-kadence-spacer aligncenter kt-block-spacer-1384_17efc4-1e\"><div class=\"kt-block-spacer kt-block-spacer-halign-center\"><hr class=\"kt-divider\"\/><\/div><\/div>\n\n\n\n<h2 class=\"wp-block-heading\">Gu\u00eda de Dioses<\/h2>\n\n\n\n<ul class=\"wp-block-list\">\n<li><a href=\"Ostara: diosa germ\u00e1nica y el despertar de la primavera\">Ostara: diosa germ\u00e1nica y el despertar de la primavera<\/a><\/li>\n\n\n\n<li><a href=\"Ceres: diosa romana de las cosechas y del pueblo\">Ceres: diosa romana de las cosechas y del pueblo<\/a><\/li>\n\n\n\n<li><a href=\"https:\/\/huellasdelpasado.eu\/odin-dios-nordico-asgard\/\">Od\u00edn. El Padre de Todos. Rey de los \u00c6sir y se\u00f1or de Asgard. <\/a><\/li>\n<\/ul>\n\n\n<style>.wp-block-kadence-spacer.kt-block-spacer-1384_c51424-05 .kt-block-spacer{height:74px;}.wp-block-kadence-spacer.kt-block-spacer-1384_c51424-05 .kt-divider{border-top-width:3px;height:1px;border-top-color:#deb768;width:100%;border-top-style:solid;}<\/style>\n<div class=\"wp-block-kadence-spacer aligncenter kt-block-spacer-1384_c51424-05\"><div class=\"kt-block-spacer kt-block-spacer-halign-center\"><hr class=\"kt-divider\"\/><\/div><\/div>\n\n\n<style>.kb-posts-id-1384_2f0794-d1 .entry.loop-entry .entry-header .entry-title{font-size:var(--global-kb-font-size-md, 1.25rem);}.kb-posts-id-1384_2f0794-d1 .kb-post-list-item{display:grid;}<\/style><ul class=\"wp-block-kadence-posts kb-posts kadence-posts-list kb-posts-id-1384_2f0794-d1 content-wrap grid-cols kb-posts-style-boxed grid-sm-col-2 grid-lg-col-3 item-image-style-above\"><li class=\"kb-post-list-item\">\n\t<article class=\"entry content-bg loop-entry post-1535 post type-post status-publish format-standard has-post-thumbnail hentry category-dioses category-personajes tag-allfather tag-asgard tag-berserker tag-cultura-nordica tag-dioses-nordicos tag-fenrir tag-freyja tag-frigg tag-futhark tag-geri-y-freki tag-hidromiel tag-huggin-y-munnin tag-lobos-odin tag-loki tag-mitologia-nordica tag-nordic-gods tag-nordic-mythology tag-norse-mythology tag-odin tag-pozo-de-mimir tag-ragnarok tag-runas tag-sleipnir tag-thor tag-viking tag-viking-mythology tag-vikingos\">\n\t\t\t\t<a aria-hidden=\"true\" tabindex=\"-1\" role=\"presentation\" class=\"post-thumbnail kadence-thumbnail-ratio-2-3\" href=\"https:\/\/huellasdelpasado.eu\/en\/odin-dios-nordico-asgard\/\" aria-label=\"Od\u00edn. El Padre de Todos. Rey de los \u00c6sir y se\u00f1or de Asgard\">\n\t\t\t<div class=\"post-thumbnail-inner\">\n\t\t\t\t<img loading=\"lazy\" decoding=\"async\" width=\"300\" height=\"200\" src=\"https:\/\/huellasdelpasado.eu\/wp-content\/uploads\/2026\/03\/odin-padre-de-todos-300x200.png\" class=\"attachment-medium size-medium wp-post-image\" alt=\"Od\u00edn. El Padre de Todos. Rey de los \u00c6sir y se\u00f1or de Asgard\" srcset=\"https:\/\/huellasdelpasado.eu\/wp-content\/uploads\/2026\/03\/odin-padre-de-todos-300x200.png 300w, https:\/\/huellasdelpasado.eu\/wp-content\/uploads\/2026\/03\/odin-padre-de-todos-1024x683.png 1024w, https:\/\/huellasdelpasado.eu\/wp-content\/uploads\/2026\/03\/odin-padre-de-todos-768x512.png 768w, https:\/\/huellasdelpasado.eu\/wp-content\/uploads\/2026\/03\/odin-padre-de-todos-18x12.png 18w, https:\/\/huellasdelpasado.eu\/wp-content\/uploads\/2026\/03\/odin-padre-de-todos.png 1536w\" sizes=\"auto, (max-width: 300px) 100vw, 300px\" \/>\t\t\t<\/div>\n\t\t<\/a><!-- .post-thumbnail -->\n\t\t\t\t<div class=\"entry-content-wrap\">\n\t\t\t<header class=\"entry-header\">\n\t\t<div class=\"entry-taxonomies\">\n\t\t<span class=\"category-links term-links category-style-normal\">\n\t\t\t<a href=\"https:\/\/huellasdelpasado.eu\/en\/category\/personajes\/dioses\/\" rel=\"category tag\">Dioses<\/a> | <a href=\"https:\/\/huellasdelpasado.eu\/en\/category\/personajes\/\" rel=\"category tag\">Personajes<\/a>\t\t<\/span>\n\t<\/div><!-- .entry-taxonomies -->\n\t<h2 class=\"entry-title\"><a href=\"https:\/\/huellasdelpasado.eu\/en\/odin-dios-nordico-asgard\/\" rel=\"bookmark\">Od\u00edn. El Padre de Todos. Rey de los \u00c6sir y se\u00f1or de Asgard<\/a><\/h2>\t<div class=\"entry-meta entry-meta-divider-dot\">\n\t<span class=\"posted-by\"><span class=\"meta-label\">By<\/span><span class=\"author vcard\"><span class=\"fn n\">leiasworld.projects@gmail.com<\/span><\/span><\/span>\t\t\t<span class=\"posted-on\">\n\t\t\t\t<time class=\"entry-date published\" datetime=\"2026-04-19T10:00:00+00:00\">April 19, 2026<\/time><time class=\"updated\" datetime=\"2026-04-03T13:45:40+00:00\">April 3, 2026<\/time>\t\t\t<\/span>\n\t\t\t\t<\/div><!-- .entry-meta -->\n\t<\/header><!-- .entry-header -->\n\t<div class=\"entry-summary\">\n\t\t<p>Od\u00edn (\u00d3\u00f0inn en n\u00f3rdico antiguo) es la figura central del pante\u00f3n escandinavo. En las fuentes medievales islandesas \u2014principalmente la Edda [&hellip;]<\/p>\n\t<\/div><!-- .entry-summary -->\n\t<footer class=\"entry-footer\">\n\t\t\t<div class=\"entry-actions\">\n\t\t\t<p class=\"more-link-wrap\">\n\t\t\t\t<a href=\"https:\/\/huellasdelpasado.eu\/en\/odin-dios-nordico-asgard\/\" class=\"post-more-link\">\n\t\t\t\t\tRead More<span class=\"screen-reader-text\"> Od\u00edn. El Padre de Todos. Rey de los \u00c6sir y se\u00f1or de Asgard<\/span><span class=\"kadence-svg-iconset svg-baseline\"><svg aria-hidden=\"true\" class=\"kadence-svg-icon kadence-arrow-right-alt-svg\" fill=\"currentColor\" version=\"1.1\" xmlns=\"http:\/\/www.w3.org\/2000\/svg\" width=\"27\" height=\"28\" viewBox=\"0 0 27 28\"><title>Continue<\/title><path d=\"M27 13.953c0 0.141-0.063 0.281-0.156 0.375l-6 5.531c-0.156 0.141-0.359 0.172-0.547 0.094-0.172-0.078-0.297-0.25-0.297-0.453v-3.5h-19.5c-0.281 0-0.5-0.219-0.5-0.5v-3c0-0.281 0.219-0.5 0.5-0.5h19.5v-3.5c0-0.203 0.109-0.375 0.297-0.453s0.391-0.047 0.547 0.078l6 5.469c0.094 0.094 0.156 0.219 0.156 0.359v0z\"><\/path>\n\t\t\t<\/svg><\/span>\t\t\t\t<\/a>\n\t\t\t<\/p>\n\t\t<\/div><!-- .entry-actions -->\n\t\t<\/footer><!-- .entry-footer -->\t\t<\/div>\n\t<\/article>\n<\/li>\n<li class=\"kb-post-list-item\">\n\t<article class=\"entry content-bg loop-entry post-1352 post type-post status-publish format-standard has-post-thumbnail hentry category-dioses category-personajes tag-ancient-rome tag-antigua-roma tag-aventino tag-ceres tag-ceres-y-proserpina tag-demeter-y-persefone tag-diosa-romana tag-estaciones-del-ano tag-mitologia-romana tag-proserpina tag-roman-goddess tag-roman-gods tag-roman-mythology tag-seasons-of-the-year tag-spring-in-rome tag-triada-aventina\">\n\t\t\t\t<a aria-hidden=\"true\" tabindex=\"-1\" role=\"presentation\" class=\"post-thumbnail kadence-thumbnail-ratio-2-3\" href=\"https:\/\/huellasdelpasado.eu\/en\/ceres-diosa-romana-de-la-agricultura\/\" aria-label=\"Ceres: diosa romana de las cosechas y del pueblo\">\n\t\t\t<div class=\"post-thumbnail-inner\">\n\t\t\t\t<img loading=\"lazy\" decoding=\"async\" width=\"300\" height=\"300\" src=\"https:\/\/huellasdelpasado.eu\/wp-content\/uploads\/2026\/03\/diosa-romana-ceres-300x300.png\" class=\"attachment-medium size-medium wp-post-image\" alt=\"Ceres: diosa romana de las cosechas y del pueblo\" srcset=\"https:\/\/huellasdelpasado.eu\/wp-content\/uploads\/2026\/03\/diosa-romana-ceres-300x300.png 300w, https:\/\/huellasdelpasado.eu\/wp-content\/uploads\/2026\/03\/diosa-romana-ceres-150x150.png 150w, https:\/\/huellasdelpasado.eu\/wp-content\/uploads\/2026\/03\/diosa-romana-ceres-768x768.png 768w, https:\/\/huellasdelpasado.eu\/wp-content\/uploads\/2026\/03\/diosa-romana-ceres-12x12.png 12w, https:\/\/huellasdelpasado.eu\/wp-content\/uploads\/2026\/03\/diosa-romana-ceres.png 1024w\" sizes=\"auto, (max-width: 300px) 100vw, 300px\" \/>\t\t\t<\/div>\n\t\t<\/a><!-- .post-thumbnail -->\n\t\t\t\t<div class=\"entry-content-wrap\">\n\t\t\t<header class=\"entry-header\">\n\t\t<div class=\"entry-taxonomies\">\n\t\t<span class=\"category-links term-links category-style-normal\">\n\t\t\t<a href=\"https:\/\/huellasdelpasado.eu\/en\/category\/personajes\/dioses\/\" rel=\"category tag\">Dioses<\/a> | <a href=\"https:\/\/huellasdelpasado.eu\/en\/category\/personajes\/\" rel=\"category tag\">Personajes<\/a>\t\t<\/span>\n\t<\/div><!-- .entry-taxonomies -->\n\t<h2 class=\"entry-title\"><a href=\"https:\/\/huellasdelpasado.eu\/en\/ceres-diosa-romana-de-la-agricultura\/\" rel=\"bookmark\">Ceres: diosa romana de las cosechas y del pueblo<\/a><\/h2>\t<div class=\"entry-meta entry-meta-divider-dot\">\n\t<span class=\"posted-by\"><span class=\"meta-label\">By<\/span><span class=\"author vcard\"><span class=\"fn n\">leiasworld.projects@gmail.com<\/span><\/span><\/span>\t\t\t<span class=\"posted-on\">\n\t\t\t\t<time class=\"entry-date published\" datetime=\"2026-04-06T10:00:00+00:00\">April 6, 2026<\/time><time class=\"updated\" datetime=\"2026-04-04T14:07:41+00:00\">April 4, 2026<\/time>\t\t\t<\/span>\n\t\t\t\t<\/div><!-- .entry-meta -->\n\t<\/header><!-- .entry-header -->\n\t<div class=\"entry-summary\">\n\t\t<p>Ceres era la diosa de la agricultura, el grano y la fertilidad de la tierra. Su culto estaba profundamente ligado [&hellip;]<\/p>\n\t<\/div><!-- .entry-summary -->\n\t<footer class=\"entry-footer\">\n\t\t\t<div class=\"entry-actions\">\n\t\t\t<p class=\"more-link-wrap\">\n\t\t\t\t<a href=\"https:\/\/huellasdelpasado.eu\/en\/ceres-diosa-romana-de-la-agricultura\/\" class=\"post-more-link\">\n\t\t\t\t\tRead More<span class=\"screen-reader-text\"> Ceres: diosa romana de las cosechas y del pueblo<\/span><span class=\"kadence-svg-iconset svg-baseline\"><svg aria-hidden=\"true\" class=\"kadence-svg-icon kadence-arrow-right-alt-svg\" fill=\"currentColor\" version=\"1.1\" xmlns=\"http:\/\/www.w3.org\/2000\/svg\" width=\"27\" height=\"28\" viewBox=\"0 0 27 28\"><title>Continue<\/title><path d=\"M27 13.953c0 0.141-0.063 0.281-0.156 0.375l-6 5.531c-0.156 0.141-0.359 0.172-0.547 0.094-0.172-0.078-0.297-0.25-0.297-0.453v-3.5h-19.5c-0.281 0-0.5-0.219-0.5-0.5v-3c0-0.281 0.219-0.5 0.5-0.5h19.5v-3.5c0-0.203 0.109-0.375 0.297-0.453s0.391-0.047 0.547 0.078l6 5.469c0.094 0.094 0.156 0.219 0.156 0.359v0z\"><\/path>\n\t\t\t<\/svg><\/span>\t\t\t\t<\/a>\n\t\t\t<\/p>\n\t\t<\/div><!-- .entry-actions -->\n\t\t<\/footer><!-- .entry-footer -->\t\t<\/div>\n\t<\/article>\n<\/li>\n<li class=\"kb-post-list-item\">\n\t<article class=\"entry content-bg loop-entry post-1076 post type-post status-publish format-standard has-post-thumbnail hentry category-dioses category-personajes tag-arquetipos-mitologicos tag-cristianizacion-de-festividades-paganas tag-diosas-de-primavera tag-easter tag-festividades-de-primavera tag-festividades-paganas tag-germanic-goddess tag-germanic-mythology tag-goddesses-of-spring tag-mitologia-germanica tag-mythological-archetypes tag-origen-ostara tag-ostara tag-ostara-origin tag-pagan-festivals tag-simbolismo-del-huevo tag-spring-festivities tag-symbolism-of-the-egg\">\n\t\t\t\t<a aria-hidden=\"true\" tabindex=\"-1\" role=\"presentation\" class=\"post-thumbnail kadence-thumbnail-ratio-2-3\" href=\"https:\/\/huellasdelpasado.eu\/en\/ostara-diosa-germanica\/\" aria-label=\"Ostara: diosa germ\u00e1nica y el despertar de la primavera\">\n\t\t\t<div class=\"post-thumbnail-inner\">\n\t\t\t\t<img loading=\"lazy\" decoding=\"async\" width=\"200\" height=\"300\" src=\"https:\/\/huellasdelpasado.eu\/wp-content\/uploads\/2026\/02\/ostara-eostre-diosa-germanica-200x300.png\" class=\"attachment-medium size-medium wp-post-image\" alt=\"Ostara: diosa germ\u00e1nica y el despertar de la primavera\" srcset=\"https:\/\/huellasdelpasado.eu\/wp-content\/uploads\/2026\/02\/ostara-eostre-diosa-germanica-200x300.png 200w, https:\/\/huellasdelpasado.eu\/wp-content\/uploads\/2026\/02\/ostara-eostre-diosa-germanica-683x1024.png 683w, https:\/\/huellasdelpasado.eu\/wp-content\/uploads\/2026\/02\/ostara-eostre-diosa-germanica-768x1152.png 768w, https:\/\/huellasdelpasado.eu\/wp-content\/uploads\/2026\/02\/ostara-eostre-diosa-germanica-8x12.png 8w, https:\/\/huellasdelpasado.eu\/wp-content\/uploads\/2026\/02\/ostara-eostre-diosa-germanica.png 1024w\" sizes=\"auto, (max-width: 200px) 100vw, 200px\" \/>\t\t\t<\/div>\n\t\t<\/a><!-- .post-thumbnail -->\n\t\t\t\t<div class=\"entry-content-wrap\">\n\t\t\t<header class=\"entry-header\">\n\t\t<div class=\"entry-taxonomies\">\n\t\t<span class=\"category-links term-links category-style-normal\">\n\t\t\t<a href=\"https:\/\/huellasdelpasado.eu\/en\/category\/personajes\/dioses\/\" rel=\"category tag\">Dioses<\/a> | <a href=\"https:\/\/huellasdelpasado.eu\/en\/category\/personajes\/\" rel=\"category tag\">Personajes<\/a>\t\t<\/span>\n\t<\/div><!-- .entry-taxonomies -->\n\t<h2 class=\"entry-title\"><a href=\"https:\/\/huellasdelpasado.eu\/en\/ostara-diosa-germanica\/\" rel=\"bookmark\">Ostara: diosa germ\u00e1nica y el despertar de la primavera<\/a><\/h2>\t<div class=\"entry-meta entry-meta-divider-dot\">\n\t<span class=\"posted-by\"><span class=\"meta-label\">By<\/span><span class=\"author vcard\"><span class=\"fn n\">leiasworld.projects@gmail.com<\/span><\/span><\/span>\t\t\t<span class=\"posted-on\">\n\t\t\t\t<time class=\"entry-date published\" datetime=\"2026-03-16T10:00:00+00:00\">March 16, 2026<\/time><time class=\"updated\" datetime=\"2026-04-04T14:20:43+00:00\">April 4, 2026<\/time>\t\t\t<\/span>\n\t\t\t\t<\/div><!-- .entry-meta -->\n\t<\/header><!-- .entry-header -->\n\t<div class=\"entry-summary\">\n\t\t<p>\u0112ostre o Ostara fue una divinidad del mundo germ\u00e1nico asociada al amanecer y al renacimiento primaveral. Aunque no pertenece a [&hellip;]<\/p>\n\t<\/div><!-- .entry-summary -->\n\t<footer class=\"entry-footer\">\n\t\t\t<div class=\"entry-actions\">\n\t\t\t<p class=\"more-link-wrap\">\n\t\t\t\t<a href=\"https:\/\/huellasdelpasado.eu\/en\/ostara-diosa-germanica\/\" class=\"post-more-link\">\n\t\t\t\t\tRead More<span class=\"screen-reader-text\"> Ostara: diosa germ\u00e1nica y el despertar de la primavera<\/span><span class=\"kadence-svg-iconset svg-baseline\"><svg aria-hidden=\"true\" class=\"kadence-svg-icon kadence-arrow-right-alt-svg\" fill=\"currentColor\" version=\"1.1\" xmlns=\"http:\/\/www.w3.org\/2000\/svg\" width=\"27\" height=\"28\" viewBox=\"0 0 27 28\"><title>Continue<\/title><path d=\"M27 13.953c0 0.141-0.063 0.281-0.156 0.375l-6 5.531c-0.156 0.141-0.359 0.172-0.547 0.094-0.172-0.078-0.297-0.25-0.297-0.453v-3.5h-19.5c-0.281 0-0.5-0.219-0.5-0.5v-3c0-0.281 0.219-0.5 0.5-0.5h19.5v-3.5c0-0.203 0.109-0.375 0.297-0.453s0.391-0.047 0.547 0.078l6 5.469c0.094 0.094 0.156 0.219 0.156 0.359v0z\"><\/path>\n\t\t\t<\/svg><\/span>\t\t\t\t<\/a>\n\t\t\t<\/p>\n\t\t<\/div><!-- .entry-actions -->\n\t\t<\/footer><!-- .entry-footer -->\t\t<\/div>\n\t<\/article>\n<\/li>\n<\/ul>\n\n\n<p><\/p>\n","protected":false},"excerpt":{"rendered":"<p>Los dioses han ocupado un lugar central en las creencias y mitolog\u00edas de las civilizaciones a lo largo de la [&hellip;]<\/p>\n","protected":false},"author":1,"featured_media":0,"parent":0,"menu_order":0,"comment_status":"closed","ping_status":"closed","template":"","meta":{"site-sidebar-layout":"default","site-content-layout":"","ast-site-content-layout":"default","site-content-style":"default","site-sidebar-style":"default","ast-global-header-display":"","ast-banner-title-visibility":"","ast-main-header-display":"","ast-hfb-above-header-display":"","ast-hfb-below-header-display":"","ast-hfb-mobile-header-display":"","site-post-title":"","ast-breadcrumbs-content":"","ast-featured-img":"","footer-sml-layout":"","ast-disable-related-posts":"","theme-transparent-header-meta":"","adv-header-id-meta":"","stick-header-meta":"","header-above-stick-meta":"","header-main-stick-meta":"","header-below-stick-meta":"","astra-migrate-meta-layouts":"default","ast-page-background-enabled":"default","ast-page-background-meta":{"desktop":{"background-color":"var(--ast-global-color-5)","background-image":"","background-repeat":"repeat","background-position":"center center","background-size":"auto","background-attachment":"scroll","background-type":"","background-media":"","overlay-type":"","overlay-color":"","overlay-opacity":"","overlay-gradient":""},"tablet":{"background-color":"","background-image":"","background-repeat":"repeat","background-position":"center center","background-size":"auto","background-attachment":"scroll","background-type":"","background-media":"","overlay-type":"","overlay-color":"","overlay-opacity":"","overlay-gradient":""},"mobile":{"background-color":"","background-image":"","background-repeat":"repeat","background-position":"center center","background-size":"auto","background-attachment":"scroll","background-type":"","background-media":"","overlay-type":"","overlay-color":"","overlay-opacity":"","overlay-gradient":""}},"ast-content-background-meta":{"desktop":{"background-color":"var(--ast-global-color-4)","background-image":"","background-repeat":"repeat","background-position":"center center","background-size":"auto","background-attachment":"scroll","background-type":"","background-media":"","overlay-type":"","overlay-color":"","overlay-opacity":"","overlay-gradient":""},"tablet":{"background-color":"var(--ast-global-color-4)","background-image":"","background-repeat":"repeat","background-position":"center center","background-size":"auto","background-attachment":"scroll","background-type":"","background-media":"","overlay-type":"","overlay-color":"","overlay-opacity":"","overlay-gradient":""},"mobile":{"background-color":"var(--ast-global-color-4)","background-image":"","background-repeat":"repeat","background-position":"center center","background-size":"auto","background-attachment":"scroll","background-type":"","background-media":"","overlay-type":"","overlay-color":"","overlay-opacity":"","overlay-gradient":""}},"footnotes":""},"class_list":["post-1384","page","type-page","status-publish","hentry"],"_hostinger_reach_plugin_has_subscription_block":false,"_hostinger_reach_plugin_is_elementor":false,"_links":{"self":[{"href":"https:\/\/huellasdelpasado.eu\/en\/wp-json\/wp\/v2\/pages\/1384","targetHints":{"allow":["GET"]}}],"collection":[{"href":"https:\/\/huellasdelpasado.eu\/en\/wp-json\/wp\/v2\/pages"}],"about":[{"href":"https:\/\/huellasdelpasado.eu\/en\/wp-json\/wp\/v2\/types\/page"}],"author":[{"embeddable":true,"href":"https:\/\/huellasdelpasado.eu\/en\/wp-json\/wp\/v2\/users\/1"}],"replies":[{"embeddable":true,"href":"https:\/\/huellasdelpasado.eu\/en\/wp-json\/wp\/v2\/comments?post=1384"}],"version-history":[{"count":8,"href":"https:\/\/huellasdelpasado.eu\/en\/wp-json\/wp\/v2\/pages\/1384\/revisions"}],"predecessor-version":[{"id":1955,"href":"https:\/\/huellasdelpasado.eu\/en\/wp-json\/wp\/v2\/pages\/1384\/revisions\/1955"}],"wp:attachment":[{"href":"https:\/\/huellasdelpasado.eu\/en\/wp-json\/wp\/v2\/media?parent=1384"}],"curies":[{"name":"wp","href":"https:\/\/api.w.org\/{rel}","templated":true}]}}