{"id":127,"date":"2025-11-29T14:25:23","date_gmt":"2025-11-29T14:25:23","guid":{"rendered":"https:\/\/huellasdelpasado.eu\/?page_id=127"},"modified":"2026-02-17T12:26:50","modified_gmt":"2026-02-17T12:26:50","slug":"curiosidades-del-mundo","status":"publish","type":"page","link":"https:\/\/huellasdelpasado.eu\/en\/curiosidades-del-mundo\/","title":{"rendered":"World Curiosities"},"content":{"rendered":"<p>The world is full of surprising stories, mysterious objects, peculiar traditions and small details that reveal how ancient and modern societies lived.<\/p>\n\n\n\n<p>In this space, you will find fascinating facts about cultures, inventions, symbols, discoveries, customs and little-known events that have left their mark on the history of humanity.<\/p>\n\n\n\n<p>Each curiosity is a window into the past that still speaks to us today.<\/p>\n\n\n<style>.wp-block-kadence-spacer.kt-block-spacer-127_eec583-bf .kt-block-spacer{height:74px;}.wp-block-kadence-spacer.kt-block-spacer-127_eec583-bf .kt-divider{border-top-width:3px;height:1px;border-top-color:#deb768;width:100%;border-top-style:solid;}<\/style>\n<div class=\"wp-block-kadence-spacer aligncenter kt-block-spacer-127_eec583-bf\"><div class=\"kt-block-spacer kt-block-spacer-halign-center\"><hr class=\"kt-divider\"\/><\/div><\/div>\n\n\n<style>.kb-posts-id-127_4e030a-b9 .entry.loop-entry .entry-header .entry-title{font-size:var(--global-kb-font-size-md, 1.25rem);}.kb-posts-id-127_4e030a-b9 .kb-post-list-item{display:grid;}<\/style><ul class=\"wp-block-kadence-posts kb-posts kadence-posts-list kb-posts-id-127_4e030a-b9 content-wrap grid-cols kb-posts-style-boxed grid-sm-col-2 grid-lg-col-3 item-image-style-above\"><li class=\"kb-post-list-item\">\n\t<article class=\"entry content-bg loop-entry post-789 post type-post status-publish format-standard has-post-thumbnail hentry category-curiosidades-del-mundo tag-costumbres-antiguas tag-creencias-populares tag-cristianismo-medieval tag-edad-media tag-lenguaje-y-tradiciones tag-peste-negra tag-supersticiones\">\n\t\t\t\t<a aria-hidden=\"true\" tabindex=\"-1\" role=\"presentation\" class=\"post-thumbnail kadence-thumbnail-ratio-2-3\" href=\"https:\/\/huellasdelpasado.eu\/en\/el-origen-de-bendecir-al-estornudar\/\" aria-label=\"The origin of blessing when sneezing\">\n\t\t\t<div class=\"post-thumbnail-inner\">\n\t\t\t\t<img loading=\"lazy\" decoding=\"async\" width=\"200\" height=\"300\" src=\"https:\/\/huellasdelpasado.eu\/wp-content\/uploads\/2025\/12\/peste-bubonica-200x300.png\" class=\"attachment-medium size-medium wp-post-image\" alt=\"El origen de bendecir al estornudar\" srcset=\"https:\/\/huellasdelpasado.eu\/wp-content\/uploads\/2025\/12\/peste-bubonica-200x300.png 200w, https:\/\/huellasdelpasado.eu\/wp-content\/uploads\/2025\/12\/peste-bubonica-683x1024.png 683w, https:\/\/huellasdelpasado.eu\/wp-content\/uploads\/2025\/12\/peste-bubonica-768x1152.png 768w, https:\/\/huellasdelpasado.eu\/wp-content\/uploads\/2025\/12\/peste-bubonica-8x12.png 8w, https:\/\/huellasdelpasado.eu\/wp-content\/uploads\/2025\/12\/peste-bubonica.png 1024w\" sizes=\"auto, (max-width: 200px) 100vw, 200px\" \/>\t\t\t<\/div>\n\t\t<\/a><!-- .post-thumbnail -->\n\t\t\t\t<div class=\"entry-content-wrap\">\n\t\t\t<header class=\"entry-header\">\n\t\t<div class=\"entry-taxonomies\">\n\t\t<span class=\"category-links term-links category-style-normal\">\n\t\t\t<a href=\"https:\/\/huellasdelpasado.eu\/en\/category\/curiosidades-del-mundo\/\" rel=\"category tag\">World Curiosities<\/a>\t\t<\/span>\n\t<\/div><!-- .entry-taxonomies -->\n\t<h2 class=\"entry-title\"><a href=\"https:\/\/huellasdelpasado.eu\/en\/el-origen-de-bendecir-al-estornudar\/\" rel=\"bookmark\">The origin of blessing when sneezing<\/a><\/h2>\t<div class=\"entry-meta entry-meta-divider-dot\">\n\t\t\t\t<span class=\"posted-on\">\n\t\t\t\t<time class=\"entry-date published\" datetime=\"2026-01-19T10:00:00+00:00\">January 19, 2026<\/time><time class=\"updated\" datetime=\"2026-01-26T11:27:53+00:00\">January 26, 2026<\/time>\t\t\t<\/span>\n\t\t\t\t\t\t<span class=\"category-links\">\n\t\t\t\t<span class=\"category-link-items\"><a href=\"https:\/\/huellasdelpasado.eu\/en\/category\/curiosidades-del-mundo\/\" rel=\"category tag\">World Curiosities<\/a><\/span>\t\t\t<\/span>\n\t\t\t\t<\/div><!-- .entry-meta -->\n\t<\/header><!-- .entry-header -->\n\t<div class=\"entry-summary\">\n\t\t<p>El origen de bendecir al estornudar, el cristianismo y la peste negra en Europa., Christianity and the Black Death in Europe.<\/p>\n\t<\/div><!-- .entry-summary -->\n\t<footer class=\"entry-footer\">\n\t\t\t<div class=\"entry-actions\">\n\t\t\t<p class=\"more-link-wrap\">\n\t\t\t\t<a href=\"https:\/\/huellasdelpasado.eu\/en\/el-origen-de-bendecir-al-estornudar\/\" class=\"post-more-link\">\n\t\t\t\t\tRead More<span class=\"screen-reader-text\"> The origin of blessing when sneezing<\/span><span class=\"kadence-svg-iconset svg-baseline\"><svg aria-hidden=\"true\" class=\"kadence-svg-icon kadence-arrow-right-alt-svg\" fill=\"currentColor\" version=\"1.1\" xmlns=\"http:\/\/www.w3.org\/2000\/svg\" width=\"27\" height=\"28\" viewbox=\"0 0 27 28\"><title>Continue<\/title><path d=\"M27 13.953c0 0.141-0.063 0.281-0.156 0.375l-6 5.531c-0.156 0.141-0.359 0.172-0.547 0.094-0.172-0.078-0.297-0.25-0.297-0.453v-3.5h-19.5c-0.281 0-0.5-0.219-0.5-0.5v-3c0-0.281 0.219-0.5 0.5-0.5h19.5v-3.5c0-0.203 0.109-0.375 0.297-0.453s0.391-0.047 0.547 0.078l6 5.469c0.094 0.094 0.156 0.219 0.156 0.359v0z\"><\/path>\n\t\t\t<\/svg><\/span>\t\t\t\t<\/a>\n\t\t\t<\/p>\n\t\t<\/div><!-- .entry-actions -->\n\t\t<\/footer><!-- .entry-footer -->\t\t<\/div>\n\t<\/article>\n<\/li>\n<\/ul>","protected":false},"excerpt":{"rendered":"<p>El mundo est\u00e1 lleno de historias sorprendentes, objetos misteriosos, tradiciones peculiares y peque\u00f1os detalles que revelan c\u00f3mo viv\u00edan las sociedades [&hellip;]<\/p>\n","protected":false},"author":1,"featured_media":0,"parent":0,"menu_order":0,"comment_status":"closed","ping_status":"closed","template":"","meta":{"site-sidebar-layout":"left-sidebar","site-content-layout":"","ast-site-content-layout":"default","site-content-style":"default","site-sidebar-style":"default","ast-global-header-display":"","ast-banner-title-visibility":"","ast-main-header-display":"","ast-hfb-above-header-display":"","ast-hfb-below-header-display":"","ast-hfb-mobile-header-display":"","site-post-title":"","ast-breadcrumbs-content":"","ast-featured-img":"","footer-sml-layout":"","ast-disable-related-posts":"","theme-transparent-header-meta":"","adv-header-id-meta":"","stick-header-meta":"","header-above-stick-meta":"","header-main-stick-meta":"","header-below-stick-meta":"","astra-migrate-meta-layouts":"default","ast-page-background-enabled":"default","ast-page-background-meta":{"desktop":{"background-color":"var(--ast-global-color-5)","background-image":"","background-repeat":"repeat","background-position":"center center","background-size":"auto","background-attachment":"scroll","background-type":"","background-media":"","overlay-type":"","overlay-color":"","overlay-opacity":"","overlay-gradient":""},"tablet":{"background-color":"","background-image":"","background-repeat":"repeat","background-position":"center center","background-size":"auto","background-attachment":"scroll","background-type":"","background-media":"","overlay-type":"","overlay-color":"","overlay-opacity":"","overlay-gradient":""},"mobile":{"background-color":"","background-image":"","background-repeat":"repeat","background-position":"center center","background-size":"auto","background-attachment":"scroll","background-type":"","background-media":"","overlay-type":"","overlay-color":"","overlay-opacity":"","overlay-gradient":""}},"ast-content-background-meta":{"desktop":{"background-color":"var(--ast-global-color-4)","background-image":"","background-repeat":"repeat","background-position":"center center","background-size":"auto","background-attachment":"scroll","background-type":"","background-media":"","overlay-type":"","overlay-color":"","overlay-opacity":"","overlay-gradient":""},"tablet":{"background-color":"var(--ast-global-color-4)","background-image":"","background-repeat":"repeat","background-position":"center center","background-size":"auto","background-attachment":"scroll","background-type":"","background-media":"","overlay-type":"","overlay-color":"","overlay-opacity":"","overlay-gradient":""},"mobile":{"background-color":"var(--ast-global-color-4)","background-image":"","background-repeat":"repeat","background-position":"center center","background-size":"auto","background-attachment":"scroll","background-type":"","background-media":"","overlay-type":"","overlay-color":"","overlay-opacity":"","overlay-gradient":""}},"footnotes":""},"class_list":["post-127","page","type-page","status-publish","hentry"],"_hostinger_reach_plugin_has_subscription_block":false,"_hostinger_reach_plugin_is_elementor":false,"_links":{"self":[{"href":"https:\/\/huellasdelpasado.eu\/en\/wp-json\/wp\/v2\/pages\/127","targetHints":{"allow":["GET"]}}],"collection":[{"href":"https:\/\/huellasdelpasado.eu\/en\/wp-json\/wp\/v2\/pages"}],"about":[{"href":"https:\/\/huellasdelpasado.eu\/en\/wp-json\/wp\/v2\/types\/page"}],"author":[{"embeddable":true,"href":"https:\/\/huellasdelpasado.eu\/en\/wp-json\/wp\/v2\/users\/1"}],"replies":[{"embeddable":true,"href":"https:\/\/huellasdelpasado.eu\/en\/wp-json\/wp\/v2\/comments?post=127"}],"version-history":[{"count":8,"href":"https:\/\/huellasdelpasado.eu\/en\/wp-json\/wp\/v2\/pages\/127\/revisions"}],"predecessor-version":[{"id":1169,"href":"https:\/\/huellasdelpasado.eu\/en\/wp-json\/wp\/v2\/pages\/127\/revisions\/1169"}],"wp:attachment":[{"href":"https:\/\/huellasdelpasado.eu\/en\/wp-json\/wp\/v2\/media?parent=127"}],"curies":[{"name":"wp","href":"https:\/\/api.w.org\/{rel}","templated":true}]}}