{"id":125,"date":"2025-11-29T14:24:30","date_gmt":"2025-11-29T14:24:30","guid":{"rendered":"https:\/\/huellasdelpasado.eu\/?page_id=125"},"modified":"2026-02-23T10:43:25","modified_gmt":"2026-02-23T10:43:25","slug":"lugares-con-historia-lugares-legendarios","status":"publish","type":"page","link":"https:\/\/huellasdelpasado.eu\/en\/lugares-con-historia-lugares-legendarios\/","title":{"rendered":"Places with History \/ Legendary Places"},"content":{"rendered":"\n<p>El mundo est\u00e1 lleno de ciudades perdidas, ruinas antiguas, templos misteriosos y enclaves que han marcado la historia de la humanidad. Algunos existen, otros quiz\u00e1s existieron&#8230;y otros viven entre la leyenda y el mito.<\/p>\n\n\n\n<p>Aqu\u00ed explorar\u00e1s civilizaciones desaparecidas, enclaves sagrados, castillos, rutas antiguas y lugares cuyo origen sigue envuelto en misterio.<\/p>\n\n\n\n<p>Cada sitio es una huella imborrable del pasado.<\/p>\n\n\n<style>.wp-block-kadence-spacer.kt-block-spacer-125_82b33c-ee .kt-block-spacer{height:74px;}.wp-block-kadence-spacer.kt-block-spacer-125_82b33c-ee .kt-divider{border-top-width:3px;height:1px;border-top-color:#deb768;width:100%;border-top-style:solid;}<\/style>\n<div class=\"wp-block-kadence-spacer aligncenter kt-block-spacer-125_82b33c-ee\"><div class=\"kt-block-spacer kt-block-spacer-halign-center\"><hr class=\"kt-divider\"\/><\/div><\/div>\n\n\n<style>.kb-posts-id-125_854a05-41 .entry.loop-entry .entry-header .entry-title{font-size:var(--global-kb-font-size-md, 1.25rem);}.kb-posts-id-125_854a05-41 .kb-post-list-item{display:grid;}<\/style><ul class=\"wp-block-kadence-posts kb-posts kadence-posts-list kb-posts-id-125_854a05-41 content-wrap grid-cols kb-posts-style-boxed grid-sm-col-2 grid-lg-col-3 item-image-style-above\"><li class=\"kb-post-list-item\">\n\t<article class=\"entry content-bg loop-entry post-1321 post type-post status-publish format-standard has-post-thumbnail hentry category-lugares-con-historia tag-celtic-heroes tag-cu-chulainn tag-easter-rebellion tag-easter-rebellion-1916 tag-estatua-cu-chulainn tag-gpo-dublin tag-heroes-celtas tag-historia-de-irlanda tag-independencia-de-irlanda tag-irish-history tag-irish-independence tag-irlanda tag-james-connolly tag-levantamiento-de-1916 tag-patrick-pearse tag-rebelion-de-pascua tag-rebelion-de-pascua-1916\">\n\t\t\t\t<a aria-hidden=\"true\" tabindex=\"-1\" role=\"presentation\" class=\"post-thumbnail kadence-thumbnail-ratio-2-3\" href=\"https:\/\/huellasdelpasado.eu\/en\/dublin-y-la-rebelion-de-pascua-de-1916\/\" aria-label=\"Dubl\u00edn y la Rebeli\u00f3n de Pascua de 1916: cuando una insurrecci\u00f3n cambi\u00f3 el destino de Irlanda\">\n\t\t\t<div class=\"post-thumbnail-inner\">\n\t\t\t\t<img loading=\"lazy\" decoding=\"async\" width=\"300\" height=\"200\" src=\"https:\/\/huellasdelpasado.eu\/wp-content\/uploads\/2026\/03\/dublin-1916-rebelion-de-pascua-300x200.png\" class=\"attachment-medium size-medium wp-post-image\" alt=\"Dubl\u00edn y la Rebeli\u00f3n de Pascua de 1916: cuando una insurrecci\u00f3n cambi\u00f3 el destino de Irlanda\" srcset=\"https:\/\/huellasdelpasado.eu\/wp-content\/uploads\/2026\/03\/dublin-1916-rebelion-de-pascua-300x200.png 300w, https:\/\/huellasdelpasado.eu\/wp-content\/uploads\/2026\/03\/dublin-1916-rebelion-de-pascua-1024x683.png 1024w, https:\/\/huellasdelpasado.eu\/wp-content\/uploads\/2026\/03\/dublin-1916-rebelion-de-pascua-768x512.png 768w, https:\/\/huellasdelpasado.eu\/wp-content\/uploads\/2026\/03\/dublin-1916-rebelion-de-pascua-18x12.png 18w, https:\/\/huellasdelpasado.eu\/wp-content\/uploads\/2026\/03\/dublin-1916-rebelion-de-pascua.png 1536w\" sizes=\"auto, (max-width: 300px) 100vw, 300px\" \/>\t\t\t<\/div>\n\t\t<\/a><!-- .post-thumbnail -->\n\t\t\t\t<div class=\"entry-content-wrap\">\n\t\t\t<header class=\"entry-header\">\n\t\t<div class=\"entry-taxonomies\">\n\t\t<span class=\"category-links term-links category-style-normal\">\n\t\t\t<a href=\"https:\/\/huellasdelpasado.eu\/en\/category\/lugares-con-historia\/\" rel=\"category tag\">Lugares con Historia<\/a>\t\t<\/span>\n\t<\/div><!-- .entry-taxonomies -->\n\t<h2 class=\"entry-title\"><a href=\"https:\/\/huellasdelpasado.eu\/en\/dublin-y-la-rebelion-de-pascua-de-1916\/\" rel=\"bookmark\">Dubl\u00edn y la Rebeli\u00f3n de Pascua de 1916: cuando una insurrecci\u00f3n cambi\u00f3 el destino de Irlanda<\/a><\/h2>\t<div class=\"entry-meta entry-meta-divider-dot\">\n\t\t\t\t<span class=\"posted-on\">\n\t\t\t\t<time class=\"entry-date published\" datetime=\"2026-04-13T10:00:00+00:00\">April 13, 2026<\/time><time class=\"updated\" datetime=\"2026-04-04T14:03:51+00:00\">April 4, 2026<\/time>\t\t\t<\/span>\n\t\t\t\t\t\t<span class=\"category-links\">\n\t\t\t\t<span class=\"category-link-items\"><a href=\"https:\/\/huellasdelpasado.eu\/en\/category\/lugares-con-historia\/\" rel=\"category tag\">Lugares con Historia<\/a><\/span>\t\t\t<\/span>\n\t\t\t\t<\/div><!-- .entry-meta -->\n\t<\/header><!-- .entry-header -->\n\t<div class=\"entry-summary\">\n\t\t<p>El 24 de abril de 1916, lunes de Pascua, un peque\u00f1o grupo de revolucionarios irlandeses inici\u00f3 una insurrecci\u00f3n en el [&hellip;]<\/p>\n\t<\/div><!-- .entry-summary -->\n\t<footer class=\"entry-footer\">\n\t\t\t<div class=\"entry-actions\">\n\t\t\t<p class=\"more-link-wrap\">\n\t\t\t\t<a href=\"https:\/\/huellasdelpasado.eu\/en\/dublin-y-la-rebelion-de-pascua-de-1916\/\" class=\"post-more-link\">\n\t\t\t\t\tRead More<span class=\"screen-reader-text\"> Dubl\u00edn y la Rebeli\u00f3n de Pascua de 1916: cuando una insurrecci\u00f3n cambi\u00f3 el destino de Irlanda<\/span><span class=\"kadence-svg-iconset svg-baseline\"><svg aria-hidden=\"true\" class=\"kadence-svg-icon kadence-arrow-right-alt-svg\" fill=\"currentColor\" version=\"1.1\" xmlns=\"http:\/\/www.w3.org\/2000\/svg\" width=\"27\" height=\"28\" viewBox=\"0 0 27 28\"><title>Continue<\/title><path d=\"M27 13.953c0 0.141-0.063 0.281-0.156 0.375l-6 5.531c-0.156 0.141-0.359 0.172-0.547 0.094-0.172-0.078-0.297-0.25-0.297-0.453v-3.5h-19.5c-0.281 0-0.5-0.219-0.5-0.5v-3c0-0.281 0.219-0.5 0.5-0.5h19.5v-3.5c0-0.203 0.109-0.375 0.297-0.453s0.391-0.047 0.547 0.078l6 5.469c0.094 0.094 0.156 0.219 0.156 0.359v0z\"><\/path>\n\t\t\t<\/svg><\/span>\t\t\t\t<\/a>\n\t\t\t<\/p>\n\t\t<\/div><!-- .entry-actions -->\n\t\t<\/footer><!-- .entry-footer -->\t\t<\/div>\n\t<\/article>\n<\/li>\n<li class=\"kb-post-list-item\">\n\t<article class=\"entry content-bg loop-entry post-894 post type-post status-publish format-standard has-post-thumbnail hentry category-lugares-con-historia tag-borbones tag-cien-dias tag-congreso-de-viena tag-congress-of-vienna tag-elba-island tag-emperor-napoleon-bonaparte tag-european-history tag-exilio tag-exilio-napoleon tag-france tag-francia tag-french-history tag-historia-europa tag-isla-de-elba tag-napoleon-bonaparte tag-napoleons-exile tag-one-hundred-days tag-siglo-xix tag-tratado-de-fontainebleau tag-waterloo\">\n\t\t\t\t<a aria-hidden=\"true\" tabindex=\"-1\" role=\"presentation\" class=\"post-thumbnail kadence-thumbnail-ratio-2-3\" href=\"https:\/\/huellasdelpasado.eu\/en\/isla-de-elba-napoleon-bonaparte\/\" aria-label=\"La isla de Elba: el lugar del que escap\u00f3 Napole\u00f3n Bonaparte\">\n\t\t\t<div class=\"post-thumbnail-inner\">\n\t\t\t\t<img loading=\"lazy\" decoding=\"async\" width=\"300\" height=\"200\" src=\"https:\/\/huellasdelpasado.eu\/wp-content\/uploads\/2026\/01\/napoleon-frente-a-las-tropas-en-paris-300x200.png\" class=\"attachment-medium size-medium wp-post-image\" alt=\"La isla de Elba: el lugar del que escap\u00f3 Napole\u00f3n Bonaparte\" srcset=\"https:\/\/huellasdelpasado.eu\/wp-content\/uploads\/2026\/01\/napoleon-frente-a-las-tropas-en-paris-300x200.png 300w, https:\/\/huellasdelpasado.eu\/wp-content\/uploads\/2026\/01\/napoleon-frente-a-las-tropas-en-paris-1024x683.png 1024w, https:\/\/huellasdelpasado.eu\/wp-content\/uploads\/2026\/01\/napoleon-frente-a-las-tropas-en-paris-768x512.png 768w, https:\/\/huellasdelpasado.eu\/wp-content\/uploads\/2026\/01\/napoleon-frente-a-las-tropas-en-paris-18x12.png 18w, https:\/\/huellasdelpasado.eu\/wp-content\/uploads\/2026\/01\/napoleon-frente-a-las-tropas-en-paris.png 1536w\" sizes=\"auto, (max-width: 300px) 100vw, 300px\" \/>\t\t\t<\/div>\n\t\t<\/a><!-- .post-thumbnail -->\n\t\t\t\t<div class=\"entry-content-wrap\">\n\t\t\t<header class=\"entry-header\">\n\t\t<div class=\"entry-taxonomies\">\n\t\t<span class=\"category-links term-links category-style-normal\">\n\t\t\t<a href=\"https:\/\/huellasdelpasado.eu\/en\/category\/lugares-con-historia\/\" rel=\"category tag\">Lugares con Historia<\/a>\t\t<\/span>\n\t<\/div><!-- .entry-taxonomies -->\n\t<h2 class=\"entry-title\"><a href=\"https:\/\/huellasdelpasado.eu\/en\/isla-de-elba-napoleon-bonaparte\/\" rel=\"bookmark\">La isla de Elba: el lugar del que escap\u00f3 Napole\u00f3n Bonaparte<\/a><\/h2>\t<div class=\"entry-meta entry-meta-divider-dot\">\n\t\t\t\t<span class=\"posted-on\">\n\t\t\t\t<time class=\"entry-date published\" datetime=\"2026-02-23T10:00:00+00:00\">February 23, 2026<\/time><time class=\"updated\" datetime=\"2026-04-05T12:59:14+00:00\">April 5, 2026<\/time>\t\t\t<\/span>\n\t\t\t\t\t\t<span class=\"category-links\">\n\t\t\t\t<span class=\"category-link-items\"><a href=\"https:\/\/huellasdelpasado.eu\/en\/category\/lugares-con-historia\/\" rel=\"category tag\">Lugares con Historia<\/a><\/span>\t\t\t<\/span>\n\t\t\t\t<\/div><!-- .entry-meta -->\n\t<\/header><!-- .entry-header -->\n\t<div class=\"entry-summary\">\n\t\t<p>El exilio m\u00e1s famoso de Europa termin\u00f3 en una huida hist\u00f3rica. As\u00ed escap\u00f3 Napole\u00f3n de Elba y volvi\u00f3 al poder.<\/p>\n\t<\/div><!-- .entry-summary -->\n\t<footer class=\"entry-footer\">\n\t\t\t<div class=\"entry-actions\">\n\t\t\t<p class=\"more-link-wrap\">\n\t\t\t\t<a href=\"https:\/\/huellasdelpasado.eu\/en\/isla-de-elba-napoleon-bonaparte\/\" class=\"post-more-link\">\n\t\t\t\t\tRead More<span class=\"screen-reader-text\"> La isla de Elba: el lugar del que escap\u00f3 Napole\u00f3n Bonaparte<\/span><span class=\"kadence-svg-iconset svg-baseline\"><svg aria-hidden=\"true\" class=\"kadence-svg-icon kadence-arrow-right-alt-svg\" fill=\"currentColor\" version=\"1.1\" xmlns=\"http:\/\/www.w3.org\/2000\/svg\" width=\"27\" height=\"28\" viewBox=\"0 0 27 28\"><title>Continue<\/title><path d=\"M27 13.953c0 0.141-0.063 0.281-0.156 0.375l-6 5.531c-0.156 0.141-0.359 0.172-0.547 0.094-0.172-0.078-0.297-0.25-0.297-0.453v-3.5h-19.5c-0.281 0-0.5-0.219-0.5-0.5v-3c0-0.281 0.219-0.5 0.5-0.5h19.5v-3.5c0-0.203 0.109-0.375 0.297-0.453s0.391-0.047 0.547 0.078l6 5.469c0.094 0.094 0.156 0.219 0.156 0.359v0z\"><\/path>\n\t\t\t<\/svg><\/span>\t\t\t\t<\/a>\n\t\t\t<\/p>\n\t\t<\/div><!-- .entry-actions -->\n\t\t<\/footer><!-- .entry-footer -->\t\t<\/div>\n\t<\/article>\n<\/li>\n<\/ul>","protected":false},"excerpt":{"rendered":"<p>El mundo est\u00e1 lleno de ciudades perdidas, ruinas antiguas, templos misteriosos y enclaves que han marcado la historia de la [&hellip;]<\/p>\n","protected":false},"author":1,"featured_media":0,"parent":0,"menu_order":0,"comment_status":"closed","ping_status":"closed","template":"","meta":{"site-sidebar-layout":"left-sidebar","site-content-layout":"","ast-site-content-layout":"default","site-content-style":"default","site-sidebar-style":"default","ast-global-header-display":"","ast-banner-title-visibility":"","ast-main-header-display":"","ast-hfb-above-header-display":"","ast-hfb-below-header-display":"","ast-hfb-mobile-header-display":"","site-post-title":"","ast-breadcrumbs-content":"","ast-featured-img":"","footer-sml-layout":"","ast-disable-related-posts":"","theme-transparent-header-meta":"","adv-header-id-meta":"","stick-header-meta":"","header-above-stick-meta":"","header-main-stick-meta":"","header-below-stick-meta":"","astra-migrate-meta-layouts":"default","ast-page-background-enabled":"default","ast-page-background-meta":{"desktop":{"background-color":"var(--ast-global-color-5)","background-image":"","background-repeat":"repeat","background-position":"center center","background-size":"auto","background-attachment":"scroll","background-type":"","background-media":"","overlay-type":"","overlay-color":"","overlay-opacity":"","overlay-gradient":""},"tablet":{"background-color":"","background-image":"","background-repeat":"repeat","background-position":"center center","background-size":"auto","background-attachment":"scroll","background-type":"","background-media":"","overlay-type":"","overlay-color":"","overlay-opacity":"","overlay-gradient":""},"mobile":{"background-color":"","background-image":"","background-repeat":"repeat","background-position":"center center","background-size":"auto","background-attachment":"scroll","background-type":"","background-media":"","overlay-type":"","overlay-color":"","overlay-opacity":"","overlay-gradient":""}},"ast-content-background-meta":{"desktop":{"background-color":"var(--ast-global-color-4)","background-image":"","background-repeat":"repeat","background-position":"center center","background-size":"auto","background-attachment":"scroll","background-type":"","background-media":"","overlay-type":"","overlay-color":"","overlay-opacity":"","overlay-gradient":""},"tablet":{"background-color":"var(--ast-global-color-4)","background-image":"","background-repeat":"repeat","background-position":"center center","background-size":"auto","background-attachment":"scroll","background-type":"","background-media":"","overlay-type":"","overlay-color":"","overlay-opacity":"","overlay-gradient":""},"mobile":{"background-color":"var(--ast-global-color-4)","background-image":"","background-repeat":"repeat","background-position":"center center","background-size":"auto","background-attachment":"scroll","background-type":"","background-media":"","overlay-type":"","overlay-color":"","overlay-opacity":"","overlay-gradient":""}},"footnotes":""},"class_list":["post-125","page","type-page","status-publish","hentry"],"_hostinger_reach_plugin_has_subscription_block":false,"_hostinger_reach_plugin_is_elementor":false,"_links":{"self":[{"href":"https:\/\/huellasdelpasado.eu\/en\/wp-json\/wp\/v2\/pages\/125","targetHints":{"allow":["GET"]}}],"collection":[{"href":"https:\/\/huellasdelpasado.eu\/en\/wp-json\/wp\/v2\/pages"}],"about":[{"href":"https:\/\/huellasdelpasado.eu\/en\/wp-json\/wp\/v2\/types\/page"}],"author":[{"embeddable":true,"href":"https:\/\/huellasdelpasado.eu\/en\/wp-json\/wp\/v2\/users\/1"}],"replies":[{"embeddable":true,"href":"https:\/\/huellasdelpasado.eu\/en\/wp-json\/wp\/v2\/comments?post=125"}],"version-history":[{"count":9,"href":"https:\/\/huellasdelpasado.eu\/en\/wp-json\/wp\/v2\/pages\/125\/revisions"}],"predecessor-version":[{"id":1230,"href":"https:\/\/huellasdelpasado.eu\/en\/wp-json\/wp\/v2\/pages\/125\/revisions\/1230"}],"wp:attachment":[{"href":"https:\/\/huellasdelpasado.eu\/en\/wp-json\/wp\/v2\/media?parent=125"}],"curies":[{"name":"wp","href":"https:\/\/api.w.org\/{rel}","templated":true}]}}