{"id":119,"date":"2025-11-29T14:21:18","date_gmt":"2025-11-29T14:21:18","guid":{"rendered":"https:\/\/huellasdelpasado.eu\/?page_id=119"},"modified":"2026-04-02T09:50:10","modified_gmt":"2026-04-02T09:50:10","slug":"mitologias-del-mundo","status":"publish","type":"page","link":"https:\/\/huellasdelpasado.eu\/en\/mitologias-del-mundo\/","title":{"rendered":"Mythologies of the World"},"content":{"rendered":"\n<p>Las mitolog\u00edas han acompa\u00f1ado al ser humano desde el principio de los tiempos. A trav\u00e9s de sus dioses, criaturas, h\u00e9roes y relatos sagrados, cada cultura explic\u00f3 el origen del universo, la naturaleza y el sentido de la vida.<\/p>\n\n\n\n<p>En esta secci\u00f3n explorar\u00e1s las grandes mitolog\u00edas que dieron forma a civilizaciones enteras: desde los poderosos dioses n\u00f3rdicos hasta las complejas cosmogon\u00edas egipcias, pasando por la sabidur\u00eda griega, las leyendas celtas, los esp\u00edritus japoneses y muchas m\u00e1s.<\/p>\n\n\n\n<p>Un viaje por creencias antiguas, s\u00edmbolos sagrados y relatos que a\u00fan hoy siguen dejando huella.<\/p>\n\n\n<style>.wp-block-kadence-advancedbtn.kb-btns119_611471-e7{gap:var(--global-kb-gap-xs, 0.5rem );justify-content:flex-start;align-items:center;}.kt-btns119_611471-e7 .kt-button{font-weight:normal;font-style:normal;}.kt-btns119_611471-e7 .kt-btn-wrap-0{margin-right:5px;}.wp-block-kadence-advancedbtn.kt-btns119_611471-e7 .kt-btn-wrap-0 .kt-button{color:#555555;border-color:#555555;}.wp-block-kadence-advancedbtn.kt-btns119_611471-e7 .kt-btn-wrap-0 .kt-button:hover, .wp-block-kadence-advancedbtn.kt-btns119_611471-e7 .kt-btn-wrap-0 .kt-button:focus{color:#ffffff;border-color:#444444;}.wp-block-kadence-advancedbtn.kt-btns119_611471-e7 .kt-btn-wrap-0 .kt-button::before{display:none;}.wp-block-kadence-advancedbtn.kt-btns119_611471-e7 .kt-btn-wrap-0 .kt-button:hover, .wp-block-kadence-advancedbtn.kt-btns119_611471-e7 .kt-btn-wrap-0 .kt-button:focus{background:#444444;}<\/style>\n<div class=\"wp-block-kadence-advancedbtn kb-buttons-wrap kb-btns119_611471-e7\"><style>ul.menu .wp-block-kadence-advancedbtn .kb-btn119_60431d-fd.kb-button{width:initial;}.wp-block-kadence-advancedbtn .kb-btn119_60431d-fd.kb-button{color:var(--ast-global-color-4);background:var(--ast-global-color-0);letter-spacing:1px;border-top-left-radius:8px;border-top-right-radius:8px;border-bottom-right-radius:8px;border-bottom-left-radius:8px;}.wp-block-kadence-advancedbtn .kb-btn119_60431d-fd.kb-button:hover, .wp-block-kadence-advancedbtn .kb-btn119_60431d-fd.kb-button:focus{background:#c9a86f;}<\/style><a class=\"kb-button kt-button button kb-btn119_60431d-fd kt-btn-size-standard kt-btn-width-type-auto kb-btn-global-fill  kt-btn-has-text-true kt-btn-has-svg-false  wp-block-kadence-singlebtn\" href=\"https:\/\/huellasdelpasado.eu\/mitologia-nordica\/\"><span class=\"kt-btn-inner-text\">Mitolog\u00eda N\u00f3rdica<\/span><\/a>\n\n<style>ul.menu .wp-block-kadence-advancedbtn .kb-btn119_886633-37.kb-button{width:initial;}.wp-block-kadence-advancedbtn .kb-btn119_886633-37.kb-button{color:var(--ast-global-color-4);background:var(--ast-global-color-0);letter-spacing:1px;border-top-left-radius:8px;border-top-right-radius:8px;border-bottom-right-radius:8px;border-bottom-left-radius:8px;}.wp-block-kadence-advancedbtn .kb-btn119_886633-37.kb-button:hover, .wp-block-kadence-advancedbtn .kb-btn119_886633-37.kb-button:focus{background:#c9a86f;}<\/style><a class=\"kb-button kt-button button kb-btn119_886633-37 kt-btn-size-standard kt-btn-width-type-auto kb-btn-global-fill  kt-btn-has-text-true kt-btn-has-svg-false  wp-block-kadence-singlebtn\" href=\"https:\/\/huellasdelpasado.eu\/mitologia-celta\/\"><span class=\"kt-btn-inner-text\">Mitolog\u00eda Celta<\/span><\/a><\/div>\n\n\n<style>.wp-block-kadence-spacer.kt-block-spacer-119_386560-a1 .kt-block-spacer{height:74px;}.wp-block-kadence-spacer.kt-block-spacer-119_386560-a1 .kt-divider{border-top-width:3px;height:1px;border-top-color:#deb768;width:100%;border-top-style:solid;}<\/style>\n<div class=\"wp-block-kadence-spacer aligncenter kt-block-spacer-119_386560-a1\"><div class=\"kt-block-spacer kt-block-spacer-halign-center\"><hr class=\"kt-divider\"\/><\/div><\/div>\n\n\n<style>.kb-posts-id-119_e00ee9-61 .entry.loop-entry .entry-header .entry-title{font-size:var(--global-kb-font-size-md, 1.25rem);}.kb-posts-id-119_e00ee9-61 .kb-post-list-item{display:grid;}<\/style><ul class=\"wp-block-kadence-posts kb-posts kadence-posts-list kb-posts-id-119_e00ee9-61 content-wrap grid-cols kb-posts-style-boxed grid-sm-col-2 grid-lg-col-3 item-image-style-above\"><li class=\"kb-post-list-item\">\n\t<article class=\"entry content-bg loop-entry post-1452 post type-post status-publish format-standard has-post-thumbnail hentry category-mitologias-del-mundo category-celta category-origenes-celtas tag-annwn tag-calendario-celta tag-celtic-folklore tag-celtic-mythology tag-celtic-otherworld tag-celtic-tradition tag-cosmologia-celta tag-irish-mythology tag-mitologia-celta tag-mundo-celta tag-otro-mundo-celta tag-sidh tag-sidhe tag-tir-na-nog tag-tradicion-celta tag-tuatha-de-danann\">\n\t\t\t\t<a aria-hidden=\"true\" tabindex=\"-1\" role=\"presentation\" class=\"post-thumbnail kadence-thumbnail-ratio-2-3\" href=\"https:\/\/huellasdelpasado.eu\/en\/los-origenes-mitologia-celta\/\" aria-label=\"Los or\u00edgenes \u2014 un mundo entre lo visible y lo invisible\">\n\t\t\t<div class=\"post-thumbnail-inner\">\n\t\t\t\t<img loading=\"lazy\" decoding=\"async\" width=\"300\" height=\"200\" src=\"https:\/\/huellasdelpasado.eu\/wp-content\/uploads\/2026\/03\/velo-entre-mundos-300x200.png\" class=\"attachment-medium size-medium wp-post-image\" alt=\"Los or\u00edgenes \u2014 un mundo entre lo visible y lo invisible\" srcset=\"https:\/\/huellasdelpasado.eu\/wp-content\/uploads\/2026\/03\/velo-entre-mundos-300x200.png 300w, https:\/\/huellasdelpasado.eu\/wp-content\/uploads\/2026\/03\/velo-entre-mundos-1024x683.png 1024w, https:\/\/huellasdelpasado.eu\/wp-content\/uploads\/2026\/03\/velo-entre-mundos-768x512.png 768w, https:\/\/huellasdelpasado.eu\/wp-content\/uploads\/2026\/03\/velo-entre-mundos-18x12.png 18w, https:\/\/huellasdelpasado.eu\/wp-content\/uploads\/2026\/03\/velo-entre-mundos.png 1536w\" sizes=\"auto, (max-width: 300px) 100vw, 300px\" \/>\t\t\t<\/div>\n\t\t<\/a><!-- .post-thumbnail -->\n\t\t\t\t<div class=\"entry-content-wrap\">\n\t\t\t<header class=\"entry-header\">\n\t\t<div class=\"entry-taxonomies\">\n\t\t<span class=\"category-links term-links category-style-normal\">\n\t\t\t<a href=\"https:\/\/huellasdelpasado.eu\/en\/category\/mitologias-del-mundo\/\" rel=\"category tag\">Mitolog\u00edas del Mundo<\/a> | <a href=\"https:\/\/huellasdelpasado.eu\/en\/category\/mitologias-del-mundo\/celta\/\" rel=\"category tag\">Mitolog\u00eda Celta<\/a> | <a href=\"https:\/\/huellasdelpasado.eu\/en\/category\/mitologias-del-mundo\/celta\/origenes-celtas\/\" rel=\"category tag\">Or\u00edgenes Celtas<\/a>\t\t<\/span>\n\t<\/div><!-- .entry-taxonomies -->\n\t<h2 class=\"entry-title\"><a href=\"https:\/\/huellasdelpasado.eu\/en\/los-origenes-mitologia-celta\/\" rel=\"bookmark\">Los or\u00edgenes \u2014 un mundo entre lo visible y lo invisible<\/a><\/h2>\t<div class=\"entry-meta entry-meta-divider-dot\">\n\t\t\t\t<span class=\"category-links\">\n\t\t\t\t<span class=\"category-link-items\"><a href=\"https:\/\/huellasdelpasado.eu\/en\/category\/mitologias-del-mundo\/\" rel=\"category tag\">Mitolog\u00edas del Mundo<\/a>, <a href=\"https:\/\/huellasdelpasado.eu\/en\/category\/mitologias-del-mundo\/celta\/\" rel=\"category tag\">Mitolog\u00eda Celta<\/a>, <a href=\"https:\/\/huellasdelpasado.eu\/en\/category\/mitologias-del-mundo\/celta\/origenes-celtas\/\" rel=\"category tag\">Or\u00edgenes Celtas<\/a><\/span>\t\t\t<\/span>\n\t\t\t\t<\/div><!-- .entry-meta -->\n\t<\/header><!-- .entry-header -->\n\t<div class=\"entry-summary\">\n\t\t<p>A diferencia de otras tradiciones antiguas, la mitolog\u00eda celta no describe una creaci\u00f3n del universo, sino una realidad dividida entre [&hellip;]<\/p>\n\t<\/div><!-- .entry-summary -->\n\t<footer class=\"entry-footer\">\n\t\t\t<div class=\"entry-actions\">\n\t\t\t<p class=\"more-link-wrap\">\n\t\t\t\t<a href=\"https:\/\/huellasdelpasado.eu\/en\/los-origenes-mitologia-celta\/\" class=\"post-more-link\">\n\t\t\t\t\tRead More<span class=\"screen-reader-text\"> Los or\u00edgenes \u2014 un mundo entre lo visible y lo invisible<\/span><span class=\"kadence-svg-iconset svg-baseline\"><svg aria-hidden=\"true\" class=\"kadence-svg-icon kadence-arrow-right-alt-svg\" fill=\"currentColor\" version=\"1.1\" xmlns=\"http:\/\/www.w3.org\/2000\/svg\" width=\"27\" height=\"28\" viewBox=\"0 0 27 28\"><title>Continue<\/title><path d=\"M27 13.953c0 0.141-0.063 0.281-0.156 0.375l-6 5.531c-0.156 0.141-0.359 0.172-0.547 0.094-0.172-0.078-0.297-0.25-0.297-0.453v-3.5h-19.5c-0.281 0-0.5-0.219-0.5-0.5v-3c0-0.281 0.219-0.5 0.5-0.5h19.5v-3.5c0-0.203 0.109-0.375 0.297-0.453s0.391-0.047 0.547 0.078l6 5.469c0.094 0.094 0.156 0.219 0.156 0.359v0z\"><\/path>\n\t\t\t<\/svg><\/span>\t\t\t\t<\/a>\n\t\t\t<\/p>\n\t\t<\/div><!-- .entry-actions -->\n\t\t<\/footer><!-- .entry-footer -->\t\t<\/div>\n\t<\/article>\n<\/li>\n<li class=\"kb-post-list-item\">\n\t<article class=\"entry content-bg loop-entry post-637 post type-post status-publish format-standard has-post-thumbnail hentry category-mitologias-del-mundo category-cosmologia-nordica category-mitologia-nordica-mitologias-del-mundo tag-cosmologia-nordica tag-mitologia-vikinga tag-nordic-cosmology tag-nordic-mythology tag-nordic-universe-origin tag-norse-mythology tag-odin-2 tag-origen-universo-nordico tag-sol-y-mani tag-viking-mythology tag-vikingo\">\n\t\t\t\t<a aria-hidden=\"true\" tabindex=\"-1\" role=\"presentation\" class=\"post-thumbnail kadence-thumbnail-ratio-2-3\" href=\"https:\/\/huellasdelpasado.eu\/en\/el-origen-del-universo-cosmologia-nordica\/\" aria-label=\"El origen del universo. Cosmolog\u00eda N\u00f3rdica.\">\n\t\t\t<div class=\"post-thumbnail-inner\">\n\t\t\t\t<img loading=\"lazy\" decoding=\"async\" width=\"300\" height=\"200\" src=\"https:\/\/huellasdelpasado.eu\/wp-content\/uploads\/2025\/12\/ymir-gigante-primordial-300x200.png\" class=\"attachment-medium size-medium wp-post-image\" alt=\"El origen del universo. Cosmolog\u00eda N\u00f3rdica.\" srcset=\"https:\/\/huellasdelpasado.eu\/wp-content\/uploads\/2025\/12\/ymir-gigante-primordial-300x200.png 300w, https:\/\/huellasdelpasado.eu\/wp-content\/uploads\/2025\/12\/ymir-gigante-primordial-1024x683.png 1024w, https:\/\/huellasdelpasado.eu\/wp-content\/uploads\/2025\/12\/ymir-gigante-primordial-768x512.png 768w, https:\/\/huellasdelpasado.eu\/wp-content\/uploads\/2025\/12\/ymir-gigante-primordial-18x12.png 18w, https:\/\/huellasdelpasado.eu\/wp-content\/uploads\/2025\/12\/ymir-gigante-primordial.png 1536w\" sizes=\"auto, (max-width: 300px) 100vw, 300px\" \/>\t\t\t<\/div>\n\t\t<\/a><!-- .post-thumbnail -->\n\t\t\t\t<div class=\"entry-content-wrap\">\n\t\t\t<header class=\"entry-header\">\n\t\t<div class=\"entry-taxonomies\">\n\t\t<span class=\"category-links term-links category-style-normal\">\n\t\t\t<a href=\"https:\/\/huellasdelpasado.eu\/en\/category\/mitologias-del-mundo\/\" rel=\"category tag\">Mitolog\u00edas del Mundo<\/a> | <a href=\"https:\/\/huellasdelpasado.eu\/en\/category\/mitologias-del-mundo\/mitologia-nordica-mitologias-del-mundo\/cosmologia-nordica\/\" rel=\"category tag\">Cosmolog\u00eda N\u00f3rdica<\/a> | <a href=\"https:\/\/huellasdelpasado.eu\/en\/category\/mitologias-del-mundo\/mitologia-nordica-mitologias-del-mundo\/\" rel=\"category tag\">Mitolog\u00eda N\u00f3rdica<\/a>\t\t<\/span>\n\t<\/div><!-- .entry-taxonomies -->\n\t<h2 class=\"entry-title\"><a href=\"https:\/\/huellasdelpasado.eu\/en\/el-origen-del-universo-cosmologia-nordica\/\" rel=\"bookmark\">El origen del universo. Cosmolog\u00eda N\u00f3rdica.<\/a><\/h2>\t<div class=\"entry-meta entry-meta-divider-dot\">\n\t\t\t\t<span class=\"category-links\">\n\t\t\t\t<span class=\"category-link-items\"><a href=\"https:\/\/huellasdelpasado.eu\/en\/category\/mitologias-del-mundo\/\" rel=\"category tag\">Mitolog\u00edas del Mundo<\/a>, <a href=\"https:\/\/huellasdelpasado.eu\/en\/category\/mitologias-del-mundo\/mitologia-nordica-mitologias-del-mundo\/cosmologia-nordica\/\" rel=\"category tag\">Cosmolog\u00eda N\u00f3rdica<\/a>, <a href=\"https:\/\/huellasdelpasado.eu\/en\/category\/mitologias-del-mundo\/mitologia-nordica-mitologias-del-mundo\/\" rel=\"category tag\">Mitolog\u00eda N\u00f3rdica<\/a><\/span>\t\t\t<\/span>\n\t\t\t\t<\/div><!-- .entry-meta -->\n\t<\/header><!-- .entry-header -->\n\t<div class=\"entry-summary\">\n\t\t<p>Al principio de los tiempos no exist\u00eda ni cielo ni tierra, ni mar ni sol. Solo hab\u00eda el gran vac\u00edo [&hellip;]<\/p>\n\t<\/div><!-- .entry-summary -->\n\t<footer class=\"entry-footer\">\n\t\t\t<div class=\"entry-actions\">\n\t\t\t<p class=\"more-link-wrap\">\n\t\t\t\t<a href=\"https:\/\/huellasdelpasado.eu\/en\/el-origen-del-universo-cosmologia-nordica\/\" class=\"post-more-link\">\n\t\t\t\t\tRead More<span class=\"screen-reader-text\"> El origen del universo. Cosmolog\u00eda N\u00f3rdica.<\/span><span class=\"kadence-svg-iconset svg-baseline\"><svg aria-hidden=\"true\" class=\"kadence-svg-icon kadence-arrow-right-alt-svg\" fill=\"currentColor\" version=\"1.1\" xmlns=\"http:\/\/www.w3.org\/2000\/svg\" width=\"27\" height=\"28\" viewBox=\"0 0 27 28\"><title>Continue<\/title><path d=\"M27 13.953c0 0.141-0.063 0.281-0.156 0.375l-6 5.531c-0.156 0.141-0.359 0.172-0.547 0.094-0.172-0.078-0.297-0.25-0.297-0.453v-3.5h-19.5c-0.281 0-0.5-0.219-0.5-0.5v-3c0-0.281 0.219-0.5 0.5-0.5h19.5v-3.5c0-0.203 0.109-0.375 0.297-0.453s0.391-0.047 0.547 0.078l6 5.469c0.094 0.094 0.156 0.219 0.156 0.359v0z\"><\/path>\n\t\t\t<\/svg><\/span>\t\t\t\t<\/a>\n\t\t\t<\/p>\n\t\t<\/div><!-- .entry-actions -->\n\t\t<\/footer><!-- .entry-footer -->\t\t<\/div>\n\t<\/article>\n<\/li>\n<\/ul>\n\n\n<p><\/p>\n","protected":false},"excerpt":{"rendered":"<p>Las mitolog\u00edas han acompa\u00f1ado al ser humano desde el principio de los tiempos. A trav\u00e9s de sus dioses, criaturas, h\u00e9roes [&hellip;]<\/p>\n","protected":false},"author":1,"featured_media":0,"parent":0,"menu_order":0,"comment_status":"closed","ping_status":"closed","template":"","meta":{"site-sidebar-layout":"left-sidebar","site-content-layout":"","ast-site-content-layout":"default","site-content-style":"default","site-sidebar-style":"default","ast-global-header-display":"","ast-banner-title-visibility":"","ast-main-header-display":"","ast-hfb-above-header-display":"","ast-hfb-below-header-display":"","ast-hfb-mobile-header-display":"","site-post-title":"","ast-breadcrumbs-content":"","ast-featured-img":"","footer-sml-layout":"","ast-disable-related-posts":"","theme-transparent-header-meta":"","adv-header-id-meta":"","stick-header-meta":"","header-above-stick-meta":"","header-main-stick-meta":"","header-below-stick-meta":"","astra-migrate-meta-layouts":"default","ast-page-background-enabled":"default","ast-page-background-meta":{"desktop":{"background-color":"var(--ast-global-color-5)","background-image":"","background-repeat":"repeat","background-position":"center center","background-size":"auto","background-attachment":"scroll","background-type":"","background-media":"","overlay-type":"","overlay-color":"","overlay-opacity":"","overlay-gradient":""},"tablet":{"background-color":"","background-image":"","background-repeat":"repeat","background-position":"center center","background-size":"auto","background-attachment":"scroll","background-type":"","background-media":"","overlay-type":"","overlay-color":"","overlay-opacity":"","overlay-gradient":""},"mobile":{"background-color":"","background-image":"","background-repeat":"repeat","background-position":"center center","background-size":"auto","background-attachment":"scroll","background-type":"","background-media":"","overlay-type":"","overlay-color":"","overlay-opacity":"","overlay-gradient":""}},"ast-content-background-meta":{"desktop":{"background-color":"var(--ast-global-color-4)","background-image":"","background-repeat":"repeat","background-position":"center center","background-size":"auto","background-attachment":"scroll","background-type":"","background-media":"","overlay-type":"","overlay-color":"","overlay-opacity":"","overlay-gradient":""},"tablet":{"background-color":"var(--ast-global-color-4)","background-image":"","background-repeat":"repeat","background-position":"center center","background-size":"auto","background-attachment":"scroll","background-type":"","background-media":"","overlay-type":"","overlay-color":"","overlay-opacity":"","overlay-gradient":""},"mobile":{"background-color":"var(--ast-global-color-4)","background-image":"","background-repeat":"repeat","background-position":"center center","background-size":"auto","background-attachment":"scroll","background-type":"","background-media":"","overlay-type":"","overlay-color":"","overlay-opacity":"","overlay-gradient":""}},"footnotes":""},"class_list":["post-119","page","type-page","status-publish","hentry"],"_hostinger_reach_plugin_has_subscription_block":false,"_hostinger_reach_plugin_is_elementor":false,"_links":{"self":[{"href":"https:\/\/huellasdelpasado.eu\/en\/wp-json\/wp\/v2\/pages\/119","targetHints":{"allow":["GET"]}}],"collection":[{"href":"https:\/\/huellasdelpasado.eu\/en\/wp-json\/wp\/v2\/pages"}],"about":[{"href":"https:\/\/huellasdelpasado.eu\/en\/wp-json\/wp\/v2\/types\/page"}],"author":[{"embeddable":true,"href":"https:\/\/huellasdelpasado.eu\/en\/wp-json\/wp\/v2\/users\/1"}],"replies":[{"embeddable":true,"href":"https:\/\/huellasdelpasado.eu\/en\/wp-json\/wp\/v2\/comments?post=119"}],"version-history":[{"count":23,"href":"https:\/\/huellasdelpasado.eu\/en\/wp-json\/wp\/v2\/pages\/119\/revisions"}],"predecessor-version":[{"id":1824,"href":"https:\/\/huellasdelpasado.eu\/en\/wp-json\/wp\/v2\/pages\/119\/revisions\/1824"}],"wp:attachment":[{"href":"https:\/\/huellasdelpasado.eu\/en\/wp-json\/wp\/v2\/media?parent=119"}],"curies":[{"name":"wp","href":"https:\/\/api.w.org\/{rel}","templated":true}]}}